{"id":1485,"date":"2025-11-20T16:44:24","date_gmt":"2025-11-20T15:44:24","guid":{"rendered":"https:\/\/elpresidente-tobacco.com\/nuestra-presencia-global\/"},"modified":"2025-11-20T17:00:02","modified_gmt":"2025-11-20T16:00:02","slug":"nuestra-presencia-global","status":"publish","type":"page","link":"https:\/\/elpresidente-tobacco.com\/es\/nuestra-presencia-global\/","title":{"rendered":"Nuestra presencia global"},"content":{"rendered":"\t\t<div data-elementor-type=\"wp-page\" data-elementor-id=\"1485\" class=\"elementor elementor-1485 elementor-1462\" data-elementor-post-type=\"page\">\n\t\t\t\t<div class=\"elementor-element elementor-element-4ac53ca e-flex e-con-boxed e-con e-parent\" data-id=\"4ac53ca\" data-element_type=\"container\">\n\t\t\t\t\t<div class=\"e-con-inner\">\n\t\t<div class=\"elementor-element elementor-element-bf5e315 e-con-full e-flex e-con e-child\" data-id=\"bf5e315\" data-element_type=\"container\">\n\t\t\t\t<div class=\"elementor-element elementor-element-452904d elementor-widget elementor-widget-heading\" data-id=\"452904d\" data-element_type=\"widget\" data-widget_type=\"heading.default\">\n\t\t\t\t<div class=\"elementor-widget-container\">\n\t\t\t\t\t<h2 class=\"elementor-heading-title elementor-size-default\">Nuestra presencia global<\/h2>\t\t\t\t<\/div>\n\t\t\t\t<\/div>\n\t\t\t\t<div class=\"elementor-element elementor-element-bd27f70 elementor-widget elementor-widget-text-editor\" data-id=\"bd27f70\" data-element_type=\"widget\" data-widget_type=\"text-editor.default\">\n\t\t\t\t<div class=\"elementor-widget-container\">\n\t\t\t\t\t\t\t\t\t<p>En El Presidente, creemos en el poder de la colaboraci\u00f3n global y en la fuerza de las alianzas diversas. Nuestro alcance se extiende mucho m\u00e1s all\u00e1 de las fronteras, y nos enorgullece colaborar con actores clave de diversos sectores en todo el mundo. A trav\u00e9s de estas colaboraciones, no solo ampliamos nuestros servicios, sino que tambi\u00e9n aportamos soluciones a comunidades de todo el mundo.  <\/p>\t\t\t\t\t\t\t\t<\/div>\n\t\t\t\t<\/div>\n\t\t\t\t<div class=\"elementor-element elementor-element-16f0947 elementor-widget elementor-widget-heading\" data-id=\"16f0947\" data-element_type=\"widget\" data-widget_type=\"heading.default\">\n\t\t\t\t<div class=\"elementor-widget-container\">\n\t\t\t\t\t<h3 class=\"elementor-heading-title elementor-size-default\">Una red global de socios<\/h3>\t\t\t\t<\/div>\n\t\t\t\t<\/div>\n\t\t\t\t<\/div>\n\t\t<div class=\"elementor-element elementor-element-55ba734 e-con-full elementor-hidden-tablet elementor-hidden-mobile e-flex e-con e-child\" data-id=\"55ba734\" data-element_type=\"container\">\n\t\t\t\t<div class=\"elementor-element elementor-element-f35e70e elementor-widget elementor-widget-image\" data-id=\"f35e70e\" data-element_type=\"widget\" data-widget_type=\"image.default\">\n\t\t\t\t<div class=\"elementor-widget-container\">\n\t\t\t\t\t\t\t\t\t\t\t\t\t\t\t<img decoding=\"async\" src=\"https:\/\/elpresidente-tobacco.com\/wp-content\/uploads\/elementor\/thumbs\/Goldenglobe_icon-rezoma0exco5fb3bp5m76u06io7g9hno7mlvyuq6bs.jpg\" title=\"Goldenglobe_icon\" alt=\"Goldenglobe_icon\" loading=\"lazy\" \/>\t\t\t\t\t\t\t\t\t\t\t\t\t\t\t<\/div>\n\t\t\t\t<\/div>\n\t\t\t\t<\/div>\n\t\t\t\t\t<\/div>\n\t\t\t\t<\/div>\n\t\t<div class=\"elementor-element elementor-element-757d409 e-flex e-con-boxed e-con e-parent\" data-id=\"757d409\" data-element_type=\"container\">\n\t\t\t\t\t<div class=\"e-con-inner\">\n\t\t\t\t<div class=\"elementor-element elementor-element-47bec6d elementor-widget elementor-widget-igmap\" data-id=\"47bec6d\" data-element_type=\"widget\" data-widget_type=\"igmap.default\">\n\t\t\t\t<div class=\"elementor-widget-container\">\n\t\t\t\t\t<div class=\"igmap-elementor-widget\"><div class=\"map_wrapper\" id=\"map_wrapper_1467\">\n<div class=\"map_box\" style=\"max-width:2000px\">\n<div class=\"map_aspect_ratio\" style=\"padding-top:56%\" data-padding-top=\"56%\" data-padding-top-mobile=\"0%\">\n<div class=\"map_container\">\n<div class=\"map_render map_loading\" id=\"map_1467\"><\/div>\n<\/div>\n<\/div>\n<\/div>\n<\/div><\/div>\t\t\t\t<\/div>\n\t\t\t\t<\/div>\n\t\t\t\t\t<\/div>\n\t\t\t\t<\/div>\n\t\t\t\t<\/div>\n\t\t","protected":false},"excerpt":{"rendered":"<p>Nuestra presencia global En El Presidente, creemos en el poder de la colaboraci\u00f3n global y en la fuerza de las alianzas diversas. Nuestro alcance se extiende mucho m\u00e1s all\u00e1 de las fronteras, y nos enorgullece colaborar con actores clave de diversos sectores en todo el mundo. A trav\u00e9s de estas colaboraciones, no solo ampliamos nuestros [&hellip;]<\/p>\n","protected":false},"author":4,"featured_media":0,"parent":0,"menu_order":0,"comment_status":"closed","ping_status":"closed","template":"","meta":{"footnotes":""},"aioseo_notices":[],"_links":{"self":[{"href":"https:\/\/elpresidente-tobacco.com\/es\/wp-json\/wp\/v2\/pages\/1485"}],"collection":[{"href":"https:\/\/elpresidente-tobacco.com\/es\/wp-json\/wp\/v2\/pages"}],"about":[{"href":"https:\/\/elpresidente-tobacco.com\/es\/wp-json\/wp\/v2\/types\/page"}],"author":[{"embeddable":true,"href":"https:\/\/elpresidente-tobacco.com\/es\/wp-json\/wp\/v2\/users\/4"}],"replies":[{"embeddable":true,"href":"https:\/\/elpresidente-tobacco.com\/es\/wp-json\/wp\/v2\/comments?post=1485"}],"version-history":[{"count":1,"href":"https:\/\/elpresidente-tobacco.com\/es\/wp-json\/wp\/v2\/pages\/1485\/revisions"}],"predecessor-version":[{"id":1486,"href":"https:\/\/elpresidente-tobacco.com\/es\/wp-json\/wp\/v2\/pages\/1485\/revisions\/1486"}],"wp:attachment":[{"href":"https:\/\/elpresidente-tobacco.com\/es\/wp-json\/wp\/v2\/media?parent=1485"}],"curies":[{"name":"wp","href":"https:\/\/api.w.org\/{rel}","templated":true}]}}