{"id":1406,"date":"2024-12-23T10:03:03","date_gmt":"2024-12-23T09:03:03","guid":{"rendered":"https:\/\/elpresidente-tobacco.com\/politica-de-confidencialidad\/"},"modified":"2025-05-02T16:05:09","modified_gmt":"2025-05-02T14:05:09","slug":"politica-de-confidencialidad","status":"publish","type":"page","link":"https:\/\/elpresidente-tobacco.com\/es\/politica-de-confidencialidad\/","title":{"rendered":"Pol\u00edtica de confidencialidad"},"content":{"rendered":"\t\t<div data-elementor-type=\"wp-page\" data-elementor-id=\"1406\" class=\"elementor elementor-1406 elementor-799\" data-elementor-post-type=\"page\">\n\t\t\t\t<div class=\"elementor-element elementor-element-24d44e4 e-flex e-con-boxed e-con e-parent\" data-id=\"24d44e4\" data-element_type=\"container\">\n\t\t\t\t\t<div class=\"e-con-inner\">\n\t\t\t\t<div class=\"elementor-element elementor-element-ade2798 elementor-widget elementor-widget-heading\" data-id=\"ade2798\" data-element_type=\"widget\" data-widget_type=\"heading.default\">\n\t\t\t\t<div class=\"elementor-widget-container\">\n\t\t\t\t\t<h2 class=\"elementor-heading-title elementor-size-default\">Pol\u00edtica de privacidad<\/h2>\t\t\t\t<\/div>\n\t\t\t\t<\/div>\n\t\t\t\t<div class=\"elementor-element elementor-element-57d2b18 elementor-widget elementor-widget-text-editor\" data-id=\"57d2b18\" data-element_type=\"widget\" data-widget_type=\"text-editor.default\">\n\t\t\t\t<div class=\"elementor-widget-container\">\n\t\t\t\t\t\t\t\t\t<p>Su privacidad es importante para nosotros. Esta pol\u00edtica de privacidad explica c\u00f3mo recogemos, utilizamos y protegemos su informaci\u00f3n cuando visite nuestro sitio web.&nbsp;<\/p>\n<p><strong>Recogida de datos<\/strong><br>Podemos recoger la siguiente informaci\u00f3n cuando utiliza nuestro formulario de contacto:<\/p>\n<ul>\n<li>Nombre<\/li>\n<li>Direcci\u00f3n de correo electr\u00f3nico<\/li>\n<li>N\u00famero de tel\u00e9fono (opcional)<\/li>\n<li>Contenido del mensaje<\/li>\n<\/ul>\n<div>&nbsp;<\/div>\n<p><strong>Uso de los datos<\/strong><br>Los datos recogidos se utilizan \u00fanicamente para responder a sus consultas y proporcionarte la informaci\u00f3n o los servicios que ha solicitado.<\/p>\n<p><strong>Almacenamiento de datos<\/strong><br>Sus datos personales se almacenan de forma segura y no se comparten con terceros sin su consentimiento expl\u00edcito, a menos que lo exija la ley.<\/p>\n<p><strong>Cookies<\/strong><br>Nuestro sitio web puede utilizar cookies para mejorar su experiencia de navegaci\u00f3n. Puede desactivar las cookies en la configuraci\u00f3n de su navegador si prefiere no aceptarlas.<\/p>\n<p><strong>Sus derechos<\/strong><br>Tiene derecho a:<\/p>\n<ul>\n<li>Acceder, rectificar o eliminar sus datos personales.<\/li>\n<li>Retirar en cualquier momento su consentimiento para el uso de sus datos.<\/li>\n<\/ul><div><br><\/div>\n<p>Para ejercer estos derechos, p\u00f3ngase en contacto con nosotros en info@elpresidente-tobacco.com.<\/p>\n<p><strong>Cambios en esta Pol\u00edtica<\/strong><br>Nos reservamos el derecho a actualizar esta pol\u00edtica de privacidad en cualquier momento. Cualquier cambio se publicar\u00e1 en esta p\u00e1gina con la fecha actualizada.<\/p>\n<p><strong>Contacto<\/strong><br>Si tiene alguna pregunta sobre nuestra pol\u00edtica de privacidad, p\u00f3ngase en contacto con nosotros:<br>Correo electr\u00f3nico: info@elpresidente-tobacco.com<\/p>\t\t\t\t\t\t\t\t<\/div>\n\t\t\t\t<\/div>\n\t\t\t\t\t<\/div>\n\t\t\t\t<\/div>\n\t\t\t\t<\/div>\n\t\t","protected":false},"excerpt":{"rendered":"<p>Pol\u00edtica de privacidad Su privacidad es importante para nosotros. Esta pol\u00edtica de privacidad explica c\u00f3mo recogemos, utilizamos y protegemos su informaci\u00f3n cuando visite nuestro sitio web.&nbsp; Recogida de datosPodemos recoger la siguiente informaci\u00f3n cuando utiliza nuestro formulario de contacto: Nombre Direcci\u00f3n de correo electr\u00f3nico N\u00famero de tel\u00e9fono (opcional) Contenido del mensaje &nbsp; Uso de los [&hellip;]<\/p>\n","protected":false},"author":1,"featured_media":0,"parent":0,"menu_order":0,"comment_status":"closed","ping_status":"closed","template":"elementor_header_footer","meta":{"footnotes":""},"aioseo_notices":[],"_links":{"self":[{"href":"https:\/\/elpresidente-tobacco.com\/es\/wp-json\/wp\/v2\/pages\/1406"}],"collection":[{"href":"https:\/\/elpresidente-tobacco.com\/es\/wp-json\/wp\/v2\/pages"}],"about":[{"href":"https:\/\/elpresidente-tobacco.com\/es\/wp-json\/wp\/v2\/types\/page"}],"author":[{"embeddable":true,"href":"https:\/\/elpresidente-tobacco.com\/es\/wp-json\/wp\/v2\/users\/1"}],"replies":[{"embeddable":true,"href":"https:\/\/elpresidente-tobacco.com\/es\/wp-json\/wp\/v2\/comments?post=1406"}],"version-history":[{"count":1,"href":"https:\/\/elpresidente-tobacco.com\/es\/wp-json\/wp\/v2\/pages\/1406\/revisions"}],"predecessor-version":[{"id":1407,"href":"https:\/\/elpresidente-tobacco.com\/es\/wp-json\/wp\/v2\/pages\/1406\/revisions\/1407"}],"wp:attachment":[{"href":"https:\/\/elpresidente-tobacco.com\/es\/wp-json\/wp\/v2\/media?parent=1406"}],"curies":[{"name":"wp","href":"https:\/\/api.w.org\/{rel}","templated":true}]}}