{"id":1398,"date":"2024-12-23T09:52:01","date_gmt":"2024-12-23T08:52:01","guid":{"rendered":"https:\/\/elpresidente-tobacco.com\/informacion-legal\/"},"modified":"2025-05-02T15:42:39","modified_gmt":"2025-05-02T13:42:39","slug":"informacion-legal","status":"publish","type":"page","link":"https:\/\/elpresidente-tobacco.com\/es\/informacion-legal\/","title":{"rendered":"Informaci\u00f3n legal"},"content":{"rendered":"\t\t<div data-elementor-type=\"wp-page\" data-elementor-id=\"1398\" class=\"elementor elementor-1398 elementor-785\" data-elementor-post-type=\"page\">\n\t\t\t\t<div class=\"elementor-element elementor-element-936f74e e-flex e-con-boxed e-con e-parent\" data-id=\"936f74e\" data-element_type=\"container\">\n\t\t\t\t\t<div class=\"e-con-inner\">\n\t\t\t\t<div class=\"elementor-element elementor-element-89c0b39 elementor-widget elementor-widget-heading\" data-id=\"89c0b39\" data-element_type=\"widget\" data-widget_type=\"heading.default\">\n\t\t\t\t<div class=\"elementor-widget-container\">\n\t\t\t\t\t<h2 class=\"elementor-heading-title elementor-size-default\">Aviso legal<\/h2>\t\t\t\t<\/div>\n\t\t\t\t<\/div>\n\t\t\t\t<div class=\"elementor-element elementor-element-7d6b069 elementor-widget elementor-widget-text-editor\" data-id=\"7d6b069\" data-element_type=\"widget\" data-widget_type=\"text-editor.default\">\n\t\t\t\t<div class=\"elementor-widget-container\">\n\t\t\t\t\t\t\t\t\t<strong>Editor:<\/strong>\nEl sitio web www.elpresidente-tobacco.com est\u00e1 publicado por El Presidente Tobacco Ltd., una empresa registrada con el n\u00famero \u0397\u0395 465367 y con sede en Archbishop Makarios III, 200, Piso 1, Piso\/Oficina 102, Lakatamia, 2311, Nicosia, Chipre.\n<br><\/br>\n<strong>Contacto:<\/strong>\ninfo@elpresidente-tobacco.com\n<br><\/br>\n\n<strong>Anfitri\u00f3n del sitio web:<\/strong>\nEl sitio web est\u00e1 alojado en Hostinger, cuyo domicilio social se encuentra en la calle Lordou Vironos, 61,\n6023 Larnaca, Chipre.\n<br><\/br>\n<strong>Propiedad intelectual:<\/strong>\nTodo el contenido de este sitio web, incluidos, entre otros, textos, im\u00e1genes, logotipos y dise\u00f1os, es propiedad de El Presidente Tobacco Ltd. o de sus licenciantes. Queda estrictamente prohibida la reproducci\u00f3n, distribuci\u00f3n o utilizaci\u00f3n de este contenido sin autorizaci\u00f3n previa por escrito.\n<br><\/br>\n<strong>Responsabilidad:<\/strong>\nEl Presidente Tobacco Ltd. se esfuerza por asegurar la exactitud de la informaci\u00f3n de este sitio web, pero no puede garantizar que toda la informaci\u00f3n est\u00e9 actualizada o libre de errores. El Presidente Tobacco Ltd. no se hace responsable de ning\u00fan da\u00f1o directo o indirecto derivado del uso de este sitio web.\n<br><\/br>\n<b>Edad y cumplimiento legal:<\/b>\nAl utilizar este sitio web, confirmas que tienes la edad legal para ver o comprar productos del tabaco en tu pa\u00eds de residencia. El Presidente Tobacco Ltd. no se hace responsable del uso indebido de los productos ni de las opiniones o compras realizadas por personas menores de edad.\t\t\t\t\t\t\t\t<\/div>\n\t\t\t\t<\/div>\n\t\t\t\t\t<\/div>\n\t\t\t\t<\/div>\n\t\t\t\t<\/div>\n\t\t","protected":false},"excerpt":{"rendered":"<p>Aviso legal Editor: El sitio web www.elpresidente-tobacco.com est\u00e1 publicado por El Presidente Tobacco Ltd., una empresa registrada con el n\u00famero \u0397\u0395 465367 y con sede en Archbishop Makarios III, 200, Piso 1, Piso\/Oficina 102, Lakatamia, 2311, Nicosia, Chipre. Contacto: info@elpresidente-tobacco.com Anfitri\u00f3n del sitio web: El sitio web est\u00e1 alojado en Hostinger, cuyo domicilio social se [&hellip;]<\/p>\n","protected":false},"author":1,"featured_media":0,"parent":0,"menu_order":0,"comment_status":"closed","ping_status":"closed","template":"","meta":{"footnotes":""},"aioseo_notices":[],"_links":{"self":[{"href":"https:\/\/elpresidente-tobacco.com\/es\/wp-json\/wp\/v2\/pages\/1398"}],"collection":[{"href":"https:\/\/elpresidente-tobacco.com\/es\/wp-json\/wp\/v2\/pages"}],"about":[{"href":"https:\/\/elpresidente-tobacco.com\/es\/wp-json\/wp\/v2\/types\/page"}],"author":[{"embeddable":true,"href":"https:\/\/elpresidente-tobacco.com\/es\/wp-json\/wp\/v2\/users\/1"}],"replies":[{"embeddable":true,"href":"https:\/\/elpresidente-tobacco.com\/es\/wp-json\/wp\/v2\/comments?post=1398"}],"version-history":[{"count":1,"href":"https:\/\/elpresidente-tobacco.com\/es\/wp-json\/wp\/v2\/pages\/1398\/revisions"}],"predecessor-version":[{"id":1399,"href":"https:\/\/elpresidente-tobacco.com\/es\/wp-json\/wp\/v2\/pages\/1398\/revisions\/1399"}],"wp:attachment":[{"href":"https:\/\/elpresidente-tobacco.com\/es\/wp-json\/wp\/v2\/media?parent=1398"}],"curies":[{"name":"wp","href":"https:\/\/api.w.org\/{rel}","templated":true}]}}