{"id":1396,"date":"2025-01-10T15:21:57","date_gmt":"2025-01-10T14:21:57","guid":{"rendered":"https:\/\/elpresidente-tobacco.com\/nuestros-puros\/"},"modified":"2025-05-27T15:13:49","modified_gmt":"2025-05-27T13:13:49","slug":"nuestros-puros","status":"publish","type":"page","link":"https:\/\/elpresidente-tobacco.com\/es\/nuestros-puros\/","title":{"rendered":"Nuestros puros"},"content":{"rendered":"\t\t<div data-elementor-type=\"wp-page\" data-elementor-id=\"1396\" class=\"elementor elementor-1396 elementor-946\" data-elementor-post-type=\"page\">\n\t\t\t\t<div class=\"elementor-element elementor-element-54793fe e-con-full e-flex e-con e-parent\" data-id=\"54793fe\" data-element_type=\"container\">\n\t\t<div class=\"elementor-element elementor-element-01ec00b e-con-full e-flex e-con e-child\" data-id=\"01ec00b\" data-element_type=\"container\">\n\t\t\t\t<div class=\"elementor-element elementor-element-cea7950 e-transform e-transform elementor-invisible elementor-widget elementor-widget-image\" data-id=\"cea7950\" data-element_type=\"widget\" data-settings=\"{&quot;_animation&quot;:&quot;slideInLeft&quot;,&quot;_transform_rotateZ_effect_hover&quot;:{&quot;unit&quot;:&quot;px&quot;,&quot;size&quot;:180,&quot;sizes&quot;:[]},&quot;_transform_rotateZ_effect&quot;:{&quot;unit&quot;:&quot;px&quot;,&quot;size&quot;:&quot;&quot;,&quot;sizes&quot;:[]},&quot;_transform_rotateZ_effect_tablet&quot;:{&quot;unit&quot;:&quot;deg&quot;,&quot;size&quot;:&quot;&quot;,&quot;sizes&quot;:[]},&quot;_transform_rotateZ_effect_mobile&quot;:{&quot;unit&quot;:&quot;deg&quot;,&quot;size&quot;:&quot;&quot;,&quot;sizes&quot;:[]},&quot;_transform_rotateZ_effect_hover_tablet&quot;:{&quot;unit&quot;:&quot;deg&quot;,&quot;size&quot;:&quot;&quot;,&quot;sizes&quot;:[]},&quot;_transform_rotateZ_effect_hover_mobile&quot;:{&quot;unit&quot;:&quot;deg&quot;,&quot;size&quot;:&quot;&quot;,&quot;sizes&quot;:[]}}\" data-widget_type=\"image.default\">\n\t\t\t\t<div class=\"elementor-widget-container\">\n\t\t\t\t\t\t\t\t\t\t\t\t\t\t\t<img fetchpriority=\"high\" decoding=\"async\" width=\"800\" height=\"800\" src=\"https:\/\/elpresidente-tobacco.com\/wp-content\/uploads\/2024\/05\/Or-Couronne-Parents-Carre-Oreiller-16-1024x1024.png\" class=\"attachment-large size-large wp-image-1268\" alt=\"\" srcset=\"https:\/\/elpresidente-tobacco.com\/wp-content\/uploads\/2024\/05\/Or-Couronne-Parents-Carre-Oreiller-16-1024x1024.png 1024w, https:\/\/elpresidente-tobacco.com\/wp-content\/uploads\/2024\/05\/Or-Couronne-Parents-Carre-Oreiller-16-300x300.png 300w, https:\/\/elpresidente-tobacco.com\/wp-content\/uploads\/2024\/05\/Or-Couronne-Parents-Carre-Oreiller-16-150x150.png 150w, https:\/\/elpresidente-tobacco.com\/wp-content\/uploads\/2024\/05\/Or-Couronne-Parents-Carre-Oreiller-16-768x768.png 768w, https:\/\/elpresidente-tobacco.com\/wp-content\/uploads\/2024\/05\/Or-Couronne-Parents-Carre-Oreiller-16-1536x1536.png 1536w, https:\/\/elpresidente-tobacco.com\/wp-content\/uploads\/2024\/05\/Or-Couronne-Parents-Carre-Oreiller-16-2048x2048.png 2048w\" sizes=\"(max-width: 800px) 100vw, 800px\" \/>\t\t\t\t\t\t\t\t\t\t\t\t\t\t\t<\/div>\n\t\t\t\t<\/div>\n\t\t\t\t<\/div>\n\t\t<div class=\"elementor-element elementor-element-a929ddf e-con-full e-flex e-con e-child\" data-id=\"a929ddf\" data-element_type=\"container\">\n\t\t\t\t<div class=\"elementor-element elementor-element-d1e3144 elementor-widget elementor-widget-heading\" data-id=\"d1e3144\" data-element_type=\"widget\" data-widget_type=\"heading.default\">\n\t\t\t\t<div class=\"elementor-widget-container\">\n\t\t\t\t\t<h2 class=\"elementor-heading-title elementor-size-default\"><b>EL PRESIDENTE N\u00b001<\/b> - <i>El Original<\/i>\n<\/h2>\t\t\t\t<\/div>\n\t\t\t\t<\/div>\n\t\t\t\t<div class=\"elementor-element elementor-element-b4b0986 elementor-widget elementor-widget-text-editor\" data-id=\"b4b0986\" data-element_type=\"widget\" data-widget_type=\"text-editor.default\">\n\t\t\t\t<div class=\"elementor-widget-container\">\n\t\t\t\t\t\t\t\t\t<p>El Original representa el ep\u00edtome del refinamiento y la tradici\u00f3n en el mundo del puro. Nuestra gama cl\u00e1sica ofrece una experiencia atemporal en la que cada calada te lleva a un viaje de placer y sofisticaci\u00f3n. Cuidadosamente elaborados con maestr\u00eda, nuestros puros cl\u00e1sicos El Presidente son ideales para quienes valoran la calidad y la autenticidad en cada momento de disfrute.  <\/p><p><br><\/p>\n<p>&#8211;&nbsp;<b>Origen:<\/b> Nicaragua<br>&#8211; <b> Tiempo de envejecimiento:<\/b> 1 a\u00f1o<br>&#8211; <b> Longitud:<\/b> 165 mm<br><b>&#8211; Calibre del anillo:<\/b> 56 mm<br><b>&#8211; Sabores:<\/b> Caf\u00e9, amaderado, almendra<br><b>&#8211; Temperatura:<\/b> 16\u00b0C &#8211; 20\u00b0C<br><b>&#8211; Duraci\u00f3n de almacenamiento:<\/b> 5 a\u00f1os<br><b>&#8211; Duraci\u00f3n de la combusti\u00f3n<\/b> 60 minutos<br><b>&#8211; Torcido:<\/b> Manual<br><b>&#8211; Embalaje:<\/b> Caja de madera<br><b>&#8211; Fuerza:<\/b> \u25cf\u25cf\u25cf\u25cb\u25cb<\/p>\t\t\t\t\t\t\t\t<\/div>\n\t\t\t\t<\/div>\n\t\t\t\t<\/div>\n\t\t\t\t<\/div>\n\t\t<div class=\"elementor-element elementor-element-654a2c2 e-con-full e-flex e-con e-parent\" data-id=\"654a2c2\" data-element_type=\"container\" data-settings=\"{&quot;background_background&quot;:&quot;classic&quot;}\">\n\t\t<div class=\"elementor-element elementor-element-fe90cbf e-con-full e-flex e-con e-child\" data-id=\"fe90cbf\" data-element_type=\"container\">\n\t\t\t\t<div class=\"elementor-element elementor-element-e13dc2f e-transform e-transform elementor-invisible elementor-widget elementor-widget-image\" data-id=\"e13dc2f\" data-element_type=\"widget\" data-settings=\"{&quot;_animation&quot;:&quot;slideInLeft&quot;,&quot;_transform_rotateZ_effect&quot;:{&quot;unit&quot;:&quot;px&quot;,&quot;size&quot;:-43,&quot;sizes&quot;:[]},&quot;_transform_rotateZ_effect_hover&quot;:{&quot;unit&quot;:&quot;px&quot;,&quot;size&quot;:137,&quot;sizes&quot;:[]},&quot;_transform_rotateZ_effect_tablet&quot;:{&quot;unit&quot;:&quot;deg&quot;,&quot;size&quot;:&quot;&quot;,&quot;sizes&quot;:[]},&quot;_transform_rotateZ_effect_mobile&quot;:{&quot;unit&quot;:&quot;deg&quot;,&quot;size&quot;:&quot;&quot;,&quot;sizes&quot;:[]},&quot;_transform_rotateZ_effect_hover_tablet&quot;:{&quot;unit&quot;:&quot;deg&quot;,&quot;size&quot;:&quot;&quot;,&quot;sizes&quot;:[]},&quot;_transform_rotateZ_effect_hover_mobile&quot;:{&quot;unit&quot;:&quot;deg&quot;,&quot;size&quot;:&quot;&quot;,&quot;sizes&quot;:[]}}\" data-widget_type=\"image.default\">\n\t\t\t\t<div class=\"elementor-widget-container\">\n\t\t\t\t\t\t\t\t\t\t\t\t\t\t\t<img decoding=\"async\" width=\"800\" height=\"863\" src=\"https:\/\/elpresidente-tobacco.com\/wp-content\/uploads\/2024\/07\/pic-site-e1736518661333-949x1024.png\" class=\"attachment-large size-large wp-image-1295\" alt=\"\" srcset=\"https:\/\/elpresidente-tobacco.com\/wp-content\/uploads\/2024\/07\/pic-site-e1736518661333-949x1024.png 949w, https:\/\/elpresidente-tobacco.com\/wp-content\/uploads\/2024\/07\/pic-site-e1736518661333-278x300.png 278w, https:\/\/elpresidente-tobacco.com\/wp-content\/uploads\/2024\/07\/pic-site-e1736518661333-768x829.png 768w, https:\/\/elpresidente-tobacco.com\/wp-content\/uploads\/2024\/07\/pic-site-e1736518661333-1423x1536.png 1423w, https:\/\/elpresidente-tobacco.com\/wp-content\/uploads\/2024\/07\/pic-site-e1736518661333-1897x2048.png 1897w, https:\/\/elpresidente-tobacco.com\/wp-content\/uploads\/2024\/07\/pic-site-e1736518661333.png 1951w\" sizes=\"(max-width: 800px) 100vw, 800px\" \/>\t\t\t\t\t\t\t\t\t\t\t\t\t\t\t<\/div>\n\t\t\t\t<\/div>\n\t\t\t\t<\/div>\n\t\t<div class=\"elementor-element elementor-element-3d99984 e-con-full e-flex e-con e-child\" data-id=\"3d99984\" data-element_type=\"container\">\n\t\t\t\t<div class=\"elementor-element elementor-element-99740a8 elementor-widget elementor-widget-heading\" data-id=\"99740a8\" data-element_type=\"widget\" data-widget_type=\"heading.default\">\n\t\t\t\t<div class=\"elementor-widget-container\">\n\t\t\t\t\t<h2 class=\"elementor-heading-title elementor-size-default\"><b>EL PRESIDENTE N\u00b002<\/b> <i>- El Pr\u00edncipe<\/i>\n<\/h2>\t\t\t\t<\/div>\n\t\t\t\t<\/div>\n\t\t\t\t<div class=\"elementor-element elementor-element-c82786d elementor-widget elementor-widget-text-editor\" data-id=\"c82786d\" data-element_type=\"widget\" data-widget_type=\"text-editor.default\">\n\t\t\t\t<div class=\"elementor-widget-container\">\n\t\t\t\t\t\t\t\t\t<p>El Pr\u00edncipe es un puro que representa la lealtad y el poder. Los clientes habituales lo aprecian y ofrece una experiencia rica y robusta, perfecta para quienes buscan un sabor profundo y aut\u00e9ntico. <\/p><p>&#8211; <b>Origen:<\/b> Nicaragua<br>&#8211; <b> Tiempo de envejecimiento:<\/b> 1 a\u00f1o<br>&#8211; <b> Longitud:<\/b> 165 mm<br><b>&#8211; Calibre del anillo:<\/b> 56 mm<br><b>&#8211; Sabor:<\/b> Amaderado, Especiado, Cacao<br><b>&#8211; Temperatura:<\/b> 16\u00b0C &#8211; 20\u00b0C<br><b>&#8211; Duraci\u00f3n de almacenamiento:<\/b> 5 a\u00f1os<br><b>&#8211; Duraci\u00f3n de la combusti\u00f3n<\/b> 60 minutos<br><b>&#8211; Torcido:<\/b> Manual<br><b>&#8211; Embalaje:<\/b> Caja de madera<br><b>&#8211; Fuerza:<\/b> \u25cf\u25cf\u25cf\u25cf\u25cf<\/p>\t\t\t\t\t\t\t\t<\/div>\n\t\t\t\t<\/div>\n\t\t\t\t<\/div>\n\t\t\t\t<\/div>\n\t\t<div class=\"elementor-element elementor-element-dd19e60 e-con-full e-flex e-con e-parent\" data-id=\"dd19e60\" data-element_type=\"container\" data-settings=\"{&quot;background_background&quot;:&quot;classic&quot;}\">\n\t\t<div class=\"elementor-element elementor-element-e41fc29 e-con-full e-flex e-con e-child\" data-id=\"e41fc29\" data-element_type=\"container\">\n\t\t\t\t<div class=\"elementor-element elementor-element-363ed01 e-transform e-transform elementor-invisible elementor-widget elementor-widget-image\" data-id=\"363ed01\" data-element_type=\"widget\" data-settings=\"{&quot;_animation&quot;:&quot;slideInLeft&quot;,&quot;_transform_rotateZ_effect_hover&quot;:{&quot;unit&quot;:&quot;px&quot;,&quot;size&quot;:180,&quot;sizes&quot;:[]},&quot;_transform_rotateZ_effect&quot;:{&quot;unit&quot;:&quot;px&quot;,&quot;size&quot;:&quot;&quot;,&quot;sizes&quot;:[]},&quot;_transform_rotateZ_effect_tablet&quot;:{&quot;unit&quot;:&quot;deg&quot;,&quot;size&quot;:&quot;&quot;,&quot;sizes&quot;:[]},&quot;_transform_rotateZ_effect_mobile&quot;:{&quot;unit&quot;:&quot;deg&quot;,&quot;size&quot;:&quot;&quot;,&quot;sizes&quot;:[]},&quot;_transform_rotateZ_effect_hover_tablet&quot;:{&quot;unit&quot;:&quot;deg&quot;,&quot;size&quot;:&quot;&quot;,&quot;sizes&quot;:[]},&quot;_transform_rotateZ_effect_hover_mobile&quot;:{&quot;unit&quot;:&quot;deg&quot;,&quot;size&quot;:&quot;&quot;,&quot;sizes&quot;:[]}}\" data-widget_type=\"image.default\">\n\t\t\t\t<div class=\"elementor-widget-container\">\n\t\t\t\t\t\t\t\t\t\t\t\t\t\t\t<img decoding=\"async\" width=\"800\" height=\"800\" src=\"https:\/\/elpresidente-tobacco.com\/wp-content\/uploads\/2024\/05\/pic-site-1-1024x1024.png\" class=\"attachment-large size-large wp-image-1288\" alt=\"\" srcset=\"https:\/\/elpresidente-tobacco.com\/wp-content\/uploads\/2024\/05\/pic-site-1-1024x1024.png 1024w, https:\/\/elpresidente-tobacco.com\/wp-content\/uploads\/2024\/05\/pic-site-1-300x300.png 300w, https:\/\/elpresidente-tobacco.com\/wp-content\/uploads\/2024\/05\/pic-site-1-150x150.png 150w, https:\/\/elpresidente-tobacco.com\/wp-content\/uploads\/2024\/05\/pic-site-1-768x768.png 768w, https:\/\/elpresidente-tobacco.com\/wp-content\/uploads\/2024\/05\/pic-site-1-1536x1536.png 1536w, https:\/\/elpresidente-tobacco.com\/wp-content\/uploads\/2024\/05\/pic-site-1-2048x2048.png 2048w\" sizes=\"(max-width: 800px) 100vw, 800px\" \/>\t\t\t\t\t\t\t\t\t\t\t\t\t\t\t<\/div>\n\t\t\t\t<\/div>\n\t\t\t\t<\/div>\n\t\t<div class=\"elementor-element elementor-element-58768d1 e-con-full e-flex e-con e-child\" data-id=\"58768d1\" data-element_type=\"container\">\n\t\t\t\t<div class=\"elementor-element elementor-element-e351eb1 elementor-widget elementor-widget-heading\" data-id=\"e351eb1\" data-element_type=\"widget\" data-widget_type=\"heading.default\">\n\t\t\t\t<div class=\"elementor-widget-container\">\n\t\t\t\t\t<h2 class=\"elementor-heading-title elementor-size-default\"><b>EL PRESIDENTE N\u00b003 <\/b><i>- El Emir<\/i><\/h2>\t\t\t\t<\/div>\n\t\t\t\t<\/div>\n\t\t\t\t<div class=\"elementor-element elementor-element-b727181 elementor-widget elementor-widget-text-editor\" data-id=\"b727181\" data-element_type=\"widget\" data-widget_type=\"text-editor.default\">\n\t\t\t\t<div class=\"elementor-widget-container\">\n\t\t\t\t\t\t\t\t\tL&#8217;Emir es famoso por su pureza, elegancia y suave perfil de sabor. Descubre la sutileza y el refinamiento con L&#8217;Emir. Una gama de puros que combina finura y delicadeza. Inspirados en la riqueza y la opulencia, nuestros puros suaves ofrecen una experiencia de degustaci\u00f3n sutil y agradable. Perfectos para quienes aprecian los sabores suaves y los aromas sutiles. Con El Emir, cada calada te invita a saborear los placeres sencillos y refinados de la vida.     \n<\/br>\n&nbsp;\n<br>&#8211; <b>Origen:<\/b> Nicaragua<br>&#8211; <b> Tiempo de envejecimiento:<\/b> 1 a\u00f1o<br>&#8211; <b> Longitud:<\/b> 165 mm<br><b>&#8211; Calibre del anillo:<\/b> 56 mm<br><b>&#8211; Sabor:<\/b> A chocolate, a cacao, suave y meloso<br><b>&#8211; Temperatura:<\/b> 16\u00b0C &#8211; 20\u00b0C<br><b>&#8211; Duraci\u00f3n de almacenamiento:<\/b> 5 a\u00f1os<br><b>&#8211; Duraci\u00f3n de la combusti\u00f3n<\/b> 60 minutos<br><b>&#8211; Torcido:<\/b> Manual<br><b>&#8211; Embalaje:<\/b> Caja de madera<br><b>&#8211; Fuerza:<\/b> \u25cf\u25cf\u25cb\u25cb\u25cb\t\t\t\t\t\t\t\t<\/div>\n\t\t\t\t<\/div>\n\t\t\t\t<\/div>\n\t\t\t\t<\/div>\n\t\t<div class=\"elementor-element elementor-element-f2edefb e-con-full e-flex e-con e-parent\" data-id=\"f2edefb\" data-element_type=\"container\">\n\t\t<div class=\"elementor-element elementor-element-80fccf5 e-con-full elementor-hidden-mobile e-flex e-con e-child\" data-id=\"80fccf5\" data-element_type=\"container\">\n\t\t\t\t<div class=\"elementor-element elementor-element-dc184af elementor-widget elementor-widget-spacer\" data-id=\"dc184af\" data-element_type=\"widget\" data-widget_type=\"spacer.default\">\n\t\t\t\t<div class=\"elementor-widget-container\">\n\t\t\t\t\t\t\t<div class=\"elementor-spacer\">\n\t\t\t<div class=\"elementor-spacer-inner\"><\/div>\n\t\t<\/div>\n\t\t\t\t\t\t<\/div>\n\t\t\t\t<\/div>\n\t\t\t\t<\/div>\n\t\t<div class=\"elementor-element elementor-element-cf51130 e-con-full e-flex e-con e-child\" data-id=\"cf51130\" data-element_type=\"container\">\n\t\t\t\t<\/div>\n\t\t\t\t<\/div>\n\t\t<div class=\"elementor-element elementor-element-03b513e e-flex e-con-boxed e-con e-parent\" data-id=\"03b513e\" data-element_type=\"container\" data-settings=\"{&quot;background_background&quot;:&quot;classic&quot;}\">\n\t\t\t\t\t<div class=\"e-con-inner\">\n\t\t<div class=\"elementor-element elementor-element-32af7e8 e-con-full e-flex e-con e-child\" data-id=\"32af7e8\" data-element_type=\"container\" data-settings=\"{&quot;background_background&quot;:&quot;classic&quot;}\">\n\t\t\t\t<div class=\"elementor-element elementor-element-1809913 elementor-widget__width-initial elementor-widget elementor-widget-heading\" data-id=\"1809913\" data-element_type=\"widget\" data-widget_type=\"heading.default\">\n\t\t\t\t<div class=\"elementor-widget-container\">\n\t\t\t\t\t<h2 class=\"elementor-heading-title elementor-size-default\">Encuentra el ajuste perfecto para tu puro<\/h2>\t\t\t\t<\/div>\n\t\t\t\t<\/div>\n\t\t\t\t<div class=\"elementor-element elementor-element-2ed15aa elementor-widget elementor-widget-text-editor\" data-id=\"2ed15aa\" data-element_type=\"widget\" data-widget_type=\"text-editor.default\">\n\t\t\t\t<div class=\"elementor-widget-container\">\n\t\t\t\t\t\t\t\t\tLos puros no son s\u00f3lo para fumar: son una declaraci\u00f3n. Cada tama\u00f1o cuenta una historia \u00fanica, adaptada a diferentes personalidades, momentos y preferencias. Tanto si eres un avezado aficionado como un curioso reci\u00e9n llegado, sabemos que el tama\u00f1o adecuado puede transformar un momento ordinario en una experiencia extraordinaria.\n<br><\/br>\nDesde caprichos r\u00e1pidos a rituales tranquilos, nuestra amplia colecci\u00f3n garantiza que cada fumador encuentre su combinaci\u00f3n perfecta. No se trata s\u00f3lo de la longitud y el calibre del anillo, sino de que se adapte a tu estilo de vida, estado de \u00e1nimo y estilo personal.\n\n\t\t\t\t\t\t\t\t<\/div>\n\t\t\t\t<\/div>\n\t\t\t\t<\/div>\n\t\t<div class=\"elementor-element elementor-element-dfa587d e-con-full e-flex e-con e-child\" data-id=\"dfa587d\" data-element_type=\"container\">\n\t\t\t\t<div class=\"elementor-element elementor-element-bd36820 elementor--v-position-top elementor--h-position-center elementor-arrows-position-inside elementor-pagination-position-inside elementor-widget elementor-widget-slides\" data-id=\"bd36820\" data-element_type=\"widget\" data-settings=\"{&quot;autoplay_speed&quot;:4000,&quot;transition_speed&quot;:800,&quot;navigation&quot;:&quot;both&quot;,&quot;autoplay&quot;:&quot;yes&quot;,&quot;pause_on_interaction&quot;:&quot;yes&quot;,&quot;infinite&quot;:&quot;yes&quot;,&quot;transition&quot;:&quot;slide&quot;}\" data-widget_type=\"slides.default\">\n\t\t\t\t<div class=\"elementor-widget-container\">\n\t\t\t\t\t\t\t\t\t<div class=\"elementor-swiper\">\n\t\t\t\t\t<div class=\"elementor-slides-wrapper elementor-main-swiper swiper\" role=\"region\" aria-roledescription=\"carousel\" aria-label=\"Diapositives\" dir=\"ltr\" data-animation=\"fadeInLeft\">\n\t\t\t\t<div class=\"swiper-wrapper elementor-slides\">\n\t\t\t\t\t\t\t\t\t\t<div class=\"elementor-repeater-item-14e1de9 swiper-slide\" role=\"group\" aria-roledescription=\"slide\"><div class=\"swiper-slide-bg\" role=\"img\"><\/div><div class=\"swiper-slide-inner\" ><div class=\"swiper-slide-contents\"><div class=\"elementor-slide-heading\"><b>Tama\u00f1o 1: <\/b> 127 x 20,64 mm<\/div><\/div><\/div><\/div><div class=\"elementor-repeater-item-68f7d3c swiper-slide\" role=\"group\" aria-roledescription=\"slide\"><div class=\"swiper-slide-bg\" role=\"img\"><\/div><div class=\"swiper-slide-inner\" ><div class=\"swiper-slide-contents\"><div class=\"elementor-slide-heading\"><b>Tama\u00f1o 2: <\/b> 165,1 x 22,22 mm<\/div><\/div><\/div><\/div><div class=\"elementor-repeater-item-395b3a8 swiper-slide\" role=\"group\" aria-roledescription=\"slide\"><div class=\"swiper-slide-bg\" role=\"img\"><\/div><div class=\"swiper-slide-inner\" ><div class=\"swiper-slide-contents\"><div class=\"elementor-slide-heading\"><b>Tama\u00f1o 3: <\/b> 165,1 x 21,43 mm<\/div><\/div><\/div><\/div><div class=\"elementor-repeater-item-6dbb3f9 swiper-slide\" role=\"group\" aria-roledescription=\"slide\"><div class=\"swiper-slide-bg\" role=\"img\"><\/div><div class=\"swiper-slide-inner\" ><div class=\"swiper-slide-contents\"><div class=\"elementor-slide-heading\"><b>Tama\u00f1o 4: <\/b> 152,4 x 23,81 mm<\/div><\/div><\/div><\/div><div class=\"elementor-repeater-item-10792f8 swiper-slide\" role=\"group\" aria-roledescription=\"slide\"><div class=\"swiper-slide-bg\" role=\"img\"><\/div><div class=\"swiper-slide-inner\" ><div class=\"swiper-slide-contents\"><div class=\"elementor-slide-heading\"><b>Tama\u00f1o 5: <\/b> 177,8 x 23,81 mm<\/div><\/div><\/div><\/div><div class=\"elementor-repeater-item-d81b7a6 swiper-slide\" role=\"group\" aria-roledescription=\"slide\"><div class=\"swiper-slide-bg\" role=\"img\"><\/div><div class=\"swiper-slide-inner\" ><div class=\"swiper-slide-contents\"><div class=\"elementor-slide-heading\"><b>Tama\u00f1o 6: <\/b> 165,1 x 25,40 mm<\/div><\/div><\/div><\/div><div class=\"elementor-repeater-item-b5b903c swiper-slide\" role=\"group\" aria-roledescription=\"slide\"><div class=\"swiper-slide-bg\" role=\"img\"><\/div><div class=\"swiper-slide-inner\" ><div class=\"swiper-slide-contents\"><div class=\"elementor-slide-heading\"><b>Tama\u00f1o 7: <\/b> 177,8 x 27,78 mm<\/div><\/div><\/div><\/div><div class=\"elementor-repeater-item-14a8d36 swiper-slide\" role=\"group\" aria-roledescription=\"slide\"><div class=\"swiper-slide-bg\" role=\"img\"><\/div><div class=\"swiper-slide-inner\" ><div class=\"swiper-slide-contents\"><div class=\"elementor-slide-heading\"><b>Tama\u00f1o 8: <\/b> 177,8 x 21,43 mm<\/div><\/div><\/div><\/div>\t\t\t\t<\/div>\n\t\t\t\t\t\t\t\t\t\t\t\t\t\t\t<div class=\"elementor-swiper-button elementor-swiper-button-prev\" role=\"button\" tabindex=\"0\" aria-label=\"Diapositiva anterior\">\n\t\t\t\t\t\t\t<svg aria-hidden=\"true\" class=\"e-font-icon-svg e-eicon-chevron-left\" viewBox=\"0 0 1000 1000\" xmlns=\"http:\/\/www.w3.org\/2000\/svg\"><path d=\"M646 125C629 125 613 133 604 142L308 442C296 454 292 471 292 487 292 504 296 521 308 533L604 854C617 867 629 875 646 875 663 875 679 871 692 858 704 846 713 829 713 812 713 796 708 779 692 767L438 487 692 225C700 217 708 204 708 187 708 171 704 154 692 142 675 129 663 125 646 125Z\"><\/path><\/svg>\t\t\t\t\t\t<\/div>\n\t\t\t\t\t\t<div class=\"elementor-swiper-button elementor-swiper-button-next\" role=\"button\" tabindex=\"0\" aria-label=\"Diapositiva siguiente\">\n\t\t\t\t\t\t\t<svg aria-hidden=\"true\" class=\"e-font-icon-svg e-eicon-chevron-right\" viewBox=\"0 0 1000 1000\" xmlns=\"http:\/\/www.w3.org\/2000\/svg\"><path d=\"M696 533C708 521 713 504 713 487 713 471 708 454 696 446L400 146C388 133 375 125 354 125 338 125 325 129 313 142 300 154 292 171 292 187 292 204 296 221 308 233L563 492 304 771C292 783 288 800 288 817 288 833 296 850 308 863 321 871 338 875 354 875 371 875 388 867 400 854L696 533Z\"><\/path><\/svg>\t\t\t\t\t\t<\/div>\n\t\t\t\t\t\t\t\t\t\t\t\t\t\t\t\t<div class=\"swiper-pagination\"><\/div>\n\t\t\t\t\t\t\t\t\t\t\t\t<\/div>\n\t\t\t\t<\/div>\n\t\t\t\t\t\t\t\t<\/div>\n\t\t\t\t<\/div>\n\t\t\t\t<\/div>\n\t\t\t\t\t<\/div>\n\t\t\t\t<\/div>\n\t\t<div class=\"elementor-element elementor-element-37b51df e-flex e-con-boxed e-con e-parent\" data-id=\"37b51df\" data-element_type=\"container\">\n\t\t\t\t\t<div class=\"e-con-inner\">\n\t\t\t\t<div class=\"elementor-element elementor-element-f316567 elementor-mobile-align-center elementor-align-center elementor-widget elementor-widget-button\" data-id=\"f316567\" data-element_type=\"widget\" data-widget_type=\"button.default\">\n\t\t\t\t<div class=\"elementor-widget-container\">\n\t\t\t\t\t\t\t\t\t<div class=\"elementor-button-wrapper\">\n\t\t\t\t\t<a class=\"elementor-button elementor-button-link elementor-size-sm\" href=\"http:\/\/elpresidente-tobacco.com\/contacto\">\n\t\t\t\t\t\t<span class=\"elementor-button-content-wrapper\">\n\t\t\t\t\t\t\t\t\t<span class=\"elementor-button-text\">CONTACTO<\/span>\n\t\t\t\t\t<\/span>\n\t\t\t\t\t<\/a>\n\t\t\t\t<\/div>\n\t\t\t\t\t\t\t\t<\/div>\n\t\t\t\t<\/div>\n\t\t\t\t\t<\/div>\n\t\t\t\t<\/div>\n\t\t\t\t<\/div>\n\t\t","protected":false},"excerpt":{"rendered":"<p>EL PRESIDENTE N\u00b001 &#8211; El Original El Original representa el ep\u00edtome del refinamiento y la tradici\u00f3n en el mundo del puro. Nuestra gama cl\u00e1sica ofrece una experiencia atemporal en la que cada calada te lleva a un viaje de placer y sofisticaci\u00f3n. Cuidadosamente elaborados con maestr\u00eda, nuestros puros cl\u00e1sicos El Presidente son ideales para quienes [&hellip;]<\/p>\n","protected":false},"author":4,"featured_media":0,"parent":0,"menu_order":0,"comment_status":"closed","ping_status":"closed","template":"","meta":{"footnotes":""},"aioseo_notices":[],"_links":{"self":[{"href":"https:\/\/elpresidente-tobacco.com\/es\/wp-json\/wp\/v2\/pages\/1396"}],"collection":[{"href":"https:\/\/elpresidente-tobacco.com\/es\/wp-json\/wp\/v2\/pages"}],"about":[{"href":"https:\/\/elpresidente-tobacco.com\/es\/wp-json\/wp\/v2\/types\/page"}],"author":[{"embeddable":true,"href":"https:\/\/elpresidente-tobacco.com\/es\/wp-json\/wp\/v2\/users\/4"}],"replies":[{"embeddable":true,"href":"https:\/\/elpresidente-tobacco.com\/es\/wp-json\/wp\/v2\/comments?post=1396"}],"version-history":[{"count":2,"href":"https:\/\/elpresidente-tobacco.com\/es\/wp-json\/wp\/v2\/pages\/1396\/revisions"}],"predecessor-version":[{"id":1446,"href":"https:\/\/elpresidente-tobacco.com\/es\/wp-json\/wp\/v2\/pages\/1396\/revisions\/1446"}],"wp:attachment":[{"href":"https:\/\/elpresidente-tobacco.com\/es\/wp-json\/wp\/v2\/media?parent=1396"}],"curies":[{"name":"wp","href":"https:\/\/api.w.org\/{rel}","templated":true}]}}