{"id":1394,"date":"2024-04-30T10:58:26","date_gmt":"2024-04-30T08:58:26","guid":{"rendered":"https:\/\/elpresidente-tobacco.com\/nuestro-compromiso\/"},"modified":"2025-05-02T15:19:57","modified_gmt":"2025-05-02T13:19:57","slug":"nuestro-compromiso","status":"publish","type":"page","link":"https:\/\/elpresidente-tobacco.com\/es\/nuestro-compromiso\/","title":{"rendered":"Nuestro compromiso"},"content":{"rendered":"\t\t<div data-elementor-type=\"wp-page\" data-elementor-id=\"1394\" class=\"elementor elementor-1394 elementor-115\" data-elementor-post-type=\"page\">\n\t\t\t\t<div class=\"elementor-element elementor-element-85530cd e-flex e-con-boxed e-con e-parent\" data-id=\"85530cd\" data-element_type=\"container\">\n\t\t\t\t\t<div class=\"e-con-inner\">\n\t\t<div class=\"elementor-element elementor-element-3ca9dd7 e-con-full e-flex e-con e-child\" data-id=\"3ca9dd7\" data-element_type=\"container\">\n\t\t\t\t<div class=\"elementor-element elementor-element-7feefa0 elementor-widget__width-initial e-transform elementor-widget elementor-widget-image\" data-id=\"7feefa0\" data-element_type=\"widget\" data-settings=\"{&quot;_transform_rotateZ_effect_hover&quot;:{&quot;unit&quot;:&quot;px&quot;,&quot;size&quot;:92,&quot;sizes&quot;:[]},&quot;_transform_rotateZ_effect_hover_tablet&quot;:{&quot;unit&quot;:&quot;deg&quot;,&quot;size&quot;:0,&quot;sizes&quot;:[]},&quot;_transform_rotateZ_effect_hover_mobile&quot;:{&quot;unit&quot;:&quot;deg&quot;,&quot;size&quot;:&quot;&quot;,&quot;sizes&quot;:[]}}\" data-widget_type=\"image.default\">\n\t\t\t\t<div class=\"elementor-widget-container\">\n\t\t\t\t\t\t\t\t\t\t\t\t\t\t\t<img fetchpriority=\"high\" decoding=\"async\" width=\"2380\" height=\"2380\" src=\"https:\/\/elpresidente-tobacco.com\/wp-content\/uploads\/2024\/05\/Or-Couronne-Parents-Carre-Oreiller-16.png\" class=\"attachment-full size-full wp-image-1268\" alt=\"\" srcset=\"https:\/\/elpresidente-tobacco.com\/wp-content\/uploads\/2024\/05\/Or-Couronne-Parents-Carre-Oreiller-16.png 2380w, https:\/\/elpresidente-tobacco.com\/wp-content\/uploads\/2024\/05\/Or-Couronne-Parents-Carre-Oreiller-16-300x300.png 300w, https:\/\/elpresidente-tobacco.com\/wp-content\/uploads\/2024\/05\/Or-Couronne-Parents-Carre-Oreiller-16-1024x1024.png 1024w, https:\/\/elpresidente-tobacco.com\/wp-content\/uploads\/2024\/05\/Or-Couronne-Parents-Carre-Oreiller-16-150x150.png 150w, https:\/\/elpresidente-tobacco.com\/wp-content\/uploads\/2024\/05\/Or-Couronne-Parents-Carre-Oreiller-16-768x768.png 768w, https:\/\/elpresidente-tobacco.com\/wp-content\/uploads\/2024\/05\/Or-Couronne-Parents-Carre-Oreiller-16-1536x1536.png 1536w, https:\/\/elpresidente-tobacco.com\/wp-content\/uploads\/2024\/05\/Or-Couronne-Parents-Carre-Oreiller-16-2048x2048.png 2048w\" sizes=\"(max-width: 2380px) 100vw, 2380px\" \/>\t\t\t\t\t\t\t\t\t\t\t\t\t\t\t<\/div>\n\t\t\t\t<\/div>\n\t\t\t\t<div class=\"elementor-element elementor-element-7c067cc elementor-hidden-mobile elementor-widget elementor-widget-button\" data-id=\"7c067cc\" data-element_type=\"widget\" data-widget_type=\"button.default\">\n\t\t\t\t<div class=\"elementor-widget-container\">\n\t\t\t\t\t\t\t\t\t<div class=\"elementor-button-wrapper\">\n\t\t\t\t\t<a class=\"elementor-button elementor-button-link elementor-size-sm\" href=\"https:\/\/elpresidente-tobacco.com\/our-story\/\">\n\t\t\t\t\t\t<span class=\"elementor-button-content-wrapper\">\n\t\t\t\t\t\t<span class=\"elementor-button-icon\">\n\t\t\t\t<svg aria-hidden=\"true\" class=\"e-font-icon-svg e-fas-external-link-alt\" viewBox=\"0 0 512 512\" xmlns=\"http:\/\/www.w3.org\/2000\/svg\"><path d=\"M432,320H400a16,16,0,0,0-16,16V448H64V128H208a16,16,0,0,0,16-16V80a16,16,0,0,0-16-16H48A48,48,0,0,0,0,112V464a48,48,0,0,0,48,48H400a48,48,0,0,0,48-48V336A16,16,0,0,0,432,320ZM488,0h-128c-21.37,0-32.05,25.91-17,41l35.73,35.73L135,320.37a24,24,0,0,0,0,34L157.67,377a24,24,0,0,0,34,0L435.28,133.32,471,169c15,15,41,4.5,41-17V24A24,24,0,0,0,488,0Z\"><\/path><\/svg>\t\t\t<\/span>\n\t\t\t\t\t\t\t\t\t<span class=\"elementor-button-text\">Nuestra colecci\u00f3n<\/span>\n\t\t\t\t\t<\/span>\n\t\t\t\t\t<\/a>\n\t\t\t\t<\/div>\n\t\t\t\t\t\t\t\t<\/div>\n\t\t\t\t<\/div>\n\t\t\t\t<\/div>\n\t\t<div class=\"elementor-element elementor-element-62a62bb e-con-full e-flex e-con e-child\" data-id=\"62a62bb\" data-element_type=\"container\">\n\t\t\t\t<div class=\"elementor-element elementor-element-a5d981b elementor-widget elementor-widget-text-editor\" data-id=\"a5d981b\" data-element_type=\"widget\" data-widget_type=\"text-editor.default\">\n\t\t\t\t<div class=\"elementor-widget-container\">\n\t\t\t\t\t\t\t\t\t<div class=\"flex-1 overflow-hidden\"><div class=\"react-scroll-to-bottom--css-gawoz-79elbk h-full\"><div class=\"react-scroll-to-bottom--css-gawoz-1n7m0yu\"><div class=\"flex flex-col text-sm pb-9\"><div class=\"w-full text-token-text-primary\" dir=\"auto\" data-testid=\"conversation-turn-197\" data-scroll-anchor=\"true\"><div class=\"px-4 py-2 justify-center text-base md:gap-6 m-auto\"><div class=\"flex flex-1 text-base mx-auto gap-3 juice:gap-4 juice:md:gap-6 md:px-5 lg:px-1 xl:px-5 md:max-w-3xl lg:max-w-[40rem] xl:max-w-[48rem]\"><div class=\"relative flex w-full min-w-0 flex-col agent-turn\"><div class=\"flex-col gap-1 md:gap-3\"><div class=\"flex flex-grow flex-col max-w-full\"><div class=\"min-h-[20px] text-message flex flex-col items-start gap-3 whitespace-pre-wrap break-words [.text-message+&amp;]:mt-5 overflow-x-auto\" dir=\"auto\" data-message-author-role=\"assistant\" data-message-id=\"1473a6c7-28d0-4a8d-b9d7-63037f36e246\"><div class=\"markdown prose w-full break-words dark:prose-invert light\"><p>Para nosotros, la responsabilidad social y medioambiental no es s\u00f3lo una casilla de verificaci\u00f3n, est\u00e1 en la base de lo que somos y de los valores que defendemos. Estamos profundamente comprometidos a incluir pr\u00e1cticas sostenibles en cada parte de nuestra actividad, creando valor no s\u00f3lo para nuestros clientes, sino tambi\u00e9n para nuestros socios y comunidades.<\/p><p>La transparencia es la clave de nuestra filosof\u00eda. Desde el momento en que se cultiva el tabaco hasta que se convierte en un producto acabado, trabajamos seriamente para mantener pr\u00e1cticas claras y honestas que generen confianza y una relaci\u00f3n s\u00f3lida con quienes disfrutan de nuestros puros.<\/p><p>Estamos orgullosos de mantener nuestra producci\u00f3n local, garantizando que cada puro conserve su calidad y autenticidad. Al asociarnos con trabajadores locales de Nicaragua, no s\u00f3lo preservamos la tradici\u00f3n, sino que apoyamos las econom\u00edas locales y ayudamos a crear empleos sostenibles que tienen un impacto real en nuestras comunidades.<\/p><p>El respeto al medio ambiente y a las personas que cultivan tabaco es una responsabilidad que nos tomamos en serio. Al colaborar estrechamente con los cultivadores locales, ayudamos a proteger los m\u00e9todos agr\u00edcolas sostenibles y a salvaguardar la tierra para las generaciones futuras.<\/p><p>No nos consideramos perfectos, pero siempre nos esforzamos por innovar y actuar con responsabilidad. Creemos sinceramente que, juntos, podemos marcar una diferencia significativa y positiva en el mundo.<\/p><\/div><\/div><\/div><\/div><\/div><\/div><\/div><\/div><\/div><\/div><\/div><\/div>\t\t\t\t\t\t\t\t<\/div>\n\t\t\t\t<\/div>\n\t\t\t\t<div class=\"elementor-element elementor-element-fdb8eac elementor-hidden-desktop elementor-hidden-tablet elementor-widget elementor-widget-button\" data-id=\"fdb8eac\" data-element_type=\"widget\" data-widget_type=\"button.default\">\n\t\t\t\t<div class=\"elementor-widget-container\">\n\t\t\t\t\t\t\t\t\t<div class=\"elementor-button-wrapper\">\n\t\t\t\t\t<a class=\"elementor-button elementor-button-link elementor-size-sm\" href=\"https:\/\/elpresidente-tobacco.com\/our-story\/\">\n\t\t\t\t\t\t<span class=\"elementor-button-content-wrapper\">\n\t\t\t\t\t\t<span class=\"elementor-button-icon\">\n\t\t\t\t<svg aria-hidden=\"true\" class=\"e-font-icon-svg e-fas-external-link-alt\" viewBox=\"0 0 512 512\" xmlns=\"http:\/\/www.w3.org\/2000\/svg\"><path d=\"M432,320H400a16,16,0,0,0-16,16V448H64V128H208a16,16,0,0,0,16-16V80a16,16,0,0,0-16-16H48A48,48,0,0,0,0,112V464a48,48,0,0,0,48,48H400a48,48,0,0,0,48-48V336A16,16,0,0,0,432,320ZM488,0h-128c-21.37,0-32.05,25.91-17,41l35.73,35.73L135,320.37a24,24,0,0,0,0,34L157.67,377a24,24,0,0,0,34,0L435.28,133.32,471,169c15,15,41,4.5,41-17V24A24,24,0,0,0,488,0Z\"><\/path><\/svg>\t\t\t<\/span>\n\t\t\t\t\t\t\t\t\t<span class=\"elementor-button-text\">Nuestra colecci\u00f3n<\/span>\n\t\t\t\t\t<\/span>\n\t\t\t\t\t<\/a>\n\t\t\t\t<\/div>\n\t\t\t\t\t\t\t\t<\/div>\n\t\t\t\t<\/div>\n\t\t\t\t<\/div>\n\t\t\t\t\t<\/div>\n\t\t\t\t<\/div>\n\t\t\t\t<\/div>\n\t\t","protected":false},"excerpt":{"rendered":"<p>Nuestra colecci\u00f3n Para nosotros, la responsabilidad social y medioambiental no es s\u00f3lo una casilla de verificaci\u00f3n, est\u00e1 en la base de lo que somos y de los valores que defendemos. Estamos profundamente comprometidos a incluir pr\u00e1cticas sostenibles en cada parte de nuestra actividad, creando valor no s\u00f3lo para nuestros clientes, sino tambi\u00e9n para nuestros socios [&hellip;]<\/p>\n","protected":false},"author":1,"featured_media":0,"parent":0,"menu_order":0,"comment_status":"closed","ping_status":"closed","template":"","meta":{"footnotes":""},"aioseo_notices":[],"_links":{"self":[{"href":"https:\/\/elpresidente-tobacco.com\/es\/wp-json\/wp\/v2\/pages\/1394"}],"collection":[{"href":"https:\/\/elpresidente-tobacco.com\/es\/wp-json\/wp\/v2\/pages"}],"about":[{"href":"https:\/\/elpresidente-tobacco.com\/es\/wp-json\/wp\/v2\/types\/page"}],"author":[{"embeddable":true,"href":"https:\/\/elpresidente-tobacco.com\/es\/wp-json\/wp\/v2\/users\/1"}],"replies":[{"embeddable":true,"href":"https:\/\/elpresidente-tobacco.com\/es\/wp-json\/wp\/v2\/comments?post=1394"}],"version-history":[{"count":1,"href":"https:\/\/elpresidente-tobacco.com\/es\/wp-json\/wp\/v2\/pages\/1394\/revisions"}],"predecessor-version":[{"id":1395,"href":"https:\/\/elpresidente-tobacco.com\/es\/wp-json\/wp\/v2\/pages\/1394\/revisions\/1395"}],"wp:attachment":[{"href":"https:\/\/elpresidente-tobacco.com\/es\/wp-json\/wp\/v2\/media?parent=1394"}],"curies":[{"name":"wp","href":"https:\/\/api.w.org\/{rel}","templated":true}]}}