{"id":1392,"date":"2025-03-18T11:54:47","date_gmt":"2025-03-18T10:54:47","guid":{"rendered":"https:\/\/elpresidente-tobacco.com\/nuestro-centro-de-produccion\/"},"modified":"2025-05-02T15:17:17","modified_gmt":"2025-05-02T13:17:17","slug":"nuestro-centro-de-produccion","status":"publish","type":"page","link":"https:\/\/elpresidente-tobacco.com\/es\/nuestro-centro-de-produccion\/","title":{"rendered":"Nuestro centro de producci\u00f3n"},"content":{"rendered":"\t\t<div data-elementor-type=\"wp-page\" data-elementor-id=\"1392\" class=\"elementor elementor-1392 elementor-1106\" data-elementor-post-type=\"page\">\n\t\t\t\t<div class=\"elementor-element elementor-element-14abfdd e-flex e-con-boxed e-con e-parent\" data-id=\"14abfdd\" data-element_type=\"container\" data-settings=\"{&quot;background_background&quot;:&quot;classic&quot;}\">\n\t\t\t\t\t<div class=\"e-con-inner\">\n\t\t\t\t<div class=\"elementor-element elementor-element-96b0b5e elementor-widget elementor-widget-heading\" data-id=\"96b0b5e\" data-element_type=\"widget\" data-widget_type=\"heading.default\">\n\t\t\t\t<div class=\"elementor-widget-container\">\n\t\t\t\t\t<h2 class=\"elementor-heading-title elementor-size-default\">De la hoja a la ceniza, el viaje de un puro<\/h2>\t\t\t\t<\/div>\n\t\t\t\t<\/div>\n\t\t\t\t\t<\/div>\n\t\t\t\t<\/div>\n\t\t<div class=\"elementor-element elementor-element-13143a4 e-flex e-con-boxed e-con e-parent\" data-id=\"13143a4\" data-element_type=\"container\">\n\t\t\t\t\t<div class=\"e-con-inner\">\n\t\t<div class=\"elementor-element elementor-element-2233dd5 e-con-full e-flex e-con e-child\" data-id=\"2233dd5\" data-element_type=\"container\">\n\t\t\t\t<div class=\"elementor-element elementor-element-11f1fb3 elementor-widget elementor-widget-text-editor\" data-id=\"11f1fb3\" data-element_type=\"widget\" data-widget_type=\"text-editor.default\">\n\t\t\t\t<div class=\"elementor-widget-container\">\n\t\t\t\t\t\t\t\t\t<p data-start=\"552\" data-end=\"1055\">Enclavadas en el coraz\u00f3n de Estel\u00ed, nuestras instalaciones de producci\u00f3n de puros son un testimonio del arte intemporal de la elaboraci\u00f3n de puros. Durante muchos a\u00f1os, este lugar ha sido la piedra angular del compromiso de nuestra marca con la excelencia, mezclando tradici\u00f3n e innovaci\u00f3n para elaborar algunos de los mejores puros del mundo. Lo que empez\u00f3 como una modesta operaci\u00f3n con un pu\u00f1ado de apasionados torcedores se ha convertido en unas instalaciones de vanguardia, preservando al mismo tiempo la precisa artesan\u00eda que define nuestros puros.<\/p>\t\t\t\t\t\t\t\t<\/div>\n\t\t\t\t<\/div>\n\t\t\t\t<\/div>\n\t\t<div class=\"elementor-element elementor-element-ac53f13 e-con-full e-flex e-con e-child\" data-id=\"ac53f13\" data-element_type=\"container\" data-settings=\"{&quot;background_background&quot;:&quot;classic&quot;}\">\n\t\t\t\t<div class=\"elementor-element elementor-element-6d1a550 elementor-widget elementor-widget-image\" data-id=\"6d1a550\" data-element_type=\"widget\" data-widget_type=\"image.default\">\n\t\t\t\t<div class=\"elementor-widget-container\">\n\t\t\t\t\t\t\t\t\t\t\t\t\t\t\t<img fetchpriority=\"high\" decoding=\"async\" width=\"1000\" height=\"600\" src=\"https:\/\/elpresidente-tobacco.com\/wp-content\/uploads\/2025\/03\/land.png\" class=\"attachment-full size-full wp-image-1365\" alt=\"\" srcset=\"https:\/\/elpresidente-tobacco.com\/wp-content\/uploads\/2025\/03\/land.png 1000w, https:\/\/elpresidente-tobacco.com\/wp-content\/uploads\/2025\/03\/land-300x180.png 300w, https:\/\/elpresidente-tobacco.com\/wp-content\/uploads\/2025\/03\/land-768x461.png 768w\" sizes=\"(max-width: 1000px) 100vw, 1000px\" \/>\t\t\t\t\t\t\t\t\t\t\t\t\t\t\t<\/div>\n\t\t\t\t<\/div>\n\t\t\t\t<\/div>\n\t\t\t\t\t<\/div>\n\t\t\t\t<\/div>\n\t\t<div class=\"elementor-element elementor-element-ee426d6 e-flex e-con-boxed e-con e-parent\" data-id=\"ee426d6\" data-element_type=\"container\">\n\t\t\t\t\t<div class=\"e-con-inner\">\n\t\t<div class=\"elementor-element elementor-element-be74fbf e-con-full e-flex e-con e-child\" data-id=\"be74fbf\" data-element_type=\"container\" data-settings=\"{&quot;background_background&quot;:&quot;classic&quot;}\">\n\t\t\t\t<div class=\"elementor-element elementor-element-9c20882 elementor-widget elementor-widget-image\" data-id=\"9c20882\" data-element_type=\"widget\" data-widget_type=\"image.default\">\n\t\t\t\t<div class=\"elementor-widget-container\">\n\t\t\t\t\t\t\t\t\t\t\t\t\t\t\t<img decoding=\"async\" width=\"754\" height=\"395\" src=\"https:\/\/elpresidente-tobacco.com\/wp-content\/uploads\/2025\/03\/Usines-e1742574621897.png\" class=\"attachment-full size-full wp-image-1369\" alt=\"\" srcset=\"https:\/\/elpresidente-tobacco.com\/wp-content\/uploads\/2025\/03\/Usines-e1742574621897.png 754w, https:\/\/elpresidente-tobacco.com\/wp-content\/uploads\/2025\/03\/Usines-e1742574621897-300x157.png 300w\" sizes=\"(max-width: 754px) 100vw, 754px\" \/>\t\t\t\t\t\t\t\t\t\t\t\t\t\t\t<\/div>\n\t\t\t\t<\/div>\n\t\t\t\t<\/div>\n\t\t<div class=\"elementor-element elementor-element-7cf2d0b e-con-full e-flex e-con e-child\" data-id=\"7cf2d0b\" data-element_type=\"container\">\n\t\t\t\t<div class=\"elementor-element elementor-element-57ac3f6 elementor-widget elementor-widget-text-editor\" data-id=\"57ac3f6\" data-element_type=\"widget\" data-widget_type=\"text-editor.default\">\n\t\t\t\t<div class=\"elementor-widget-container\">\n\t\t\t\t\t\t\t\t\t<p data-start=\"552\" data-end=\"1055\"><span style=\"color: var( --e-global-color-text ); font-family: var( --e-global-typography-text-font-family ), Sans-serif; font-weight: var( --e-global-typography-text-font-weight ); text-align: var(--text-align); font-size: 1rem;\">Desde el principio, nuestros fundadores imaginaron un lugar donde la calidad nunca se viera comprometida. Obtuvieron las mejores hojas de tabaco de regiones de cultivo de renombre, asegur\u00e1ndose de que s\u00f3lo las variedades m\u00e1s ricas y sabrosas llegaran a nuestras mezclas. Durante d\u00e9cadas, generaciones de maestros mezcladores y laminadores han perfeccionado aqu\u00ed su oficio, transmitiendo t\u00e9cnicas que se remontan a siglos atr\u00e1s. Cada puro que sale de nuestras instalaciones lleva consigo un legado de paciencia, habilidad y dedicaci\u00f3n.<\/span><\/p><p data-start=\"1559\" data-end=\"2030\"> <\/p>\t\t\t\t\t\t\t\t<\/div>\n\t\t\t\t<\/div>\n\t\t\t\t<\/div>\n\t\t\t\t\t<\/div>\n\t\t\t\t<\/div>\n\t\t<div class=\"elementor-element elementor-element-c0ef3df e-flex e-con-boxed e-con e-parent\" data-id=\"c0ef3df\" data-element_type=\"container\">\n\t\t\t\t\t<div class=\"e-con-inner\">\n\t\t<div class=\"elementor-element elementor-element-a322f33 e-con-full e-flex e-con e-child\" data-id=\"a322f33\" data-element_type=\"container\" data-settings=\"{&quot;background_background&quot;:&quot;classic&quot;}\">\n\t\t\t\t<div class=\"elementor-element elementor-element-8e1fe59 elementor-widget elementor-widget-text-editor\" data-id=\"8e1fe59\" data-element_type=\"widget\" data-widget_type=\"text-editor.default\">\n\t\t\t\t<div class=\"elementor-widget-container\">\n\t\t\t\t\t\t\t\t\t<p data-start=\"552\" data-end=\"1055\"><span style=\"color: var( --e-global-color-text ); font-family: var( --e-global-typography-text-font-family ), Sans-serif; font-weight: var( --e-global-typography-text-font-weight ); text-align: var(--text-align); font-size: 1rem;\">A pesar de nuestro crecimiento, nos hemos mantenido profundamente arraigados en la tradici\u00f3n. Paseando por nuestras instalaciones hoy en d\u00eda, todav\u00eda puedes ser testigo de las t\u00e9cnicas consagradas que se han utilizado desde nuestros inicios, manos expertas seleccionando y liando cuidadosamente cada puro hasta la perfecci\u00f3n. Sin embargo, tambi\u00e9n hemos abrazado la innovaci\u00f3n, integrando modernas medidas de control de calidad y pr\u00e1cticas sostenibles para garantizar que nuestros puros no s\u00f3lo honran el pasado, sino que tambi\u00e9n cumplen los m\u00e1s altos est\u00e1ndares de hoy en d\u00eda.<\/span><\/p><p data-start=\"2032\" data-end=\"2408\">Para nosotros, estas instalaciones son algo m\u00e1s que un centro de producci\u00f3n: son el alma de nuestra marca. Cada puro elaborado aqu\u00ed cuenta una historia de herencia y pasi\u00f3n por el arte del tabaco.  <\/p>\t\t\t\t\t\t\t\t<\/div>\n\t\t\t\t<\/div>\n\t\t\t\t<\/div>\n\t\t<div class=\"elementor-element elementor-element-25f47a1 e-con-full e-flex e-con e-child\" data-id=\"25f47a1\" data-element_type=\"container\" data-settings=\"{&quot;background_background&quot;:&quot;classic&quot;}\">\n\t\t\t\t<div class=\"elementor-element elementor-element-736b5bb elementor-widget elementor-widget-image\" data-id=\"736b5bb\" data-element_type=\"widget\" data-widget_type=\"image.default\">\n\t\t\t\t<div class=\"elementor-widget-container\">\n\t\t\t\t\t\t\t\t\t\t\t\t\t\t\t<img decoding=\"async\" width=\"1000\" height=\"600\" src=\"https:\/\/elpresidente-tobacco.com\/wp-content\/uploads\/2025\/03\/process.png\" class=\"attachment-full size-full wp-image-1366\" alt=\"\" srcset=\"https:\/\/elpresidente-tobacco.com\/wp-content\/uploads\/2025\/03\/process.png 1000w, https:\/\/elpresidente-tobacco.com\/wp-content\/uploads\/2025\/03\/process-300x180.png 300w, https:\/\/elpresidente-tobacco.com\/wp-content\/uploads\/2025\/03\/process-768x461.png 768w\" sizes=\"(max-width: 1000px) 100vw, 1000px\" \/>\t\t\t\t\t\t\t\t\t\t\t\t\t\t\t<\/div>\n\t\t\t\t<\/div>\n\t\t\t\t<\/div>\n\t\t\t\t\t<\/div>\n\t\t\t\t<\/div>\n\t\t\t\t<\/div>\n\t\t","protected":false},"excerpt":{"rendered":"<p>De la hoja a la ceniza, el viaje de un puro Enclavadas en el coraz\u00f3n de Estel\u00ed, nuestras instalaciones de producci\u00f3n de puros son un testimonio del arte intemporal de la elaboraci\u00f3n de puros. Durante muchos a\u00f1os, este lugar ha sido la piedra angular del compromiso de nuestra marca con la excelencia, mezclando tradici\u00f3n e [&hellip;]<\/p>\n","protected":false},"author":4,"featured_media":0,"parent":0,"menu_order":0,"comment_status":"closed","ping_status":"closed","template":"","meta":{"footnotes":""},"aioseo_notices":[],"_links":{"self":[{"href":"https:\/\/elpresidente-tobacco.com\/es\/wp-json\/wp\/v2\/pages\/1392"}],"collection":[{"href":"https:\/\/elpresidente-tobacco.com\/es\/wp-json\/wp\/v2\/pages"}],"about":[{"href":"https:\/\/elpresidente-tobacco.com\/es\/wp-json\/wp\/v2\/types\/page"}],"author":[{"embeddable":true,"href":"https:\/\/elpresidente-tobacco.com\/es\/wp-json\/wp\/v2\/users\/4"}],"replies":[{"embeddable":true,"href":"https:\/\/elpresidente-tobacco.com\/es\/wp-json\/wp\/v2\/comments?post=1392"}],"version-history":[{"count":1,"href":"https:\/\/elpresidente-tobacco.com\/es\/wp-json\/wp\/v2\/pages\/1392\/revisions"}],"predecessor-version":[{"id":1393,"href":"https:\/\/elpresidente-tobacco.com\/es\/wp-json\/wp\/v2\/pages\/1392\/revisions\/1393"}],"wp:attachment":[{"href":"https:\/\/elpresidente-tobacco.com\/es\/wp-json\/wp\/v2\/media?parent=1392"}],"curies":[{"name":"wp","href":"https:\/\/api.w.org\/{rel}","templated":true}]}}