{"id":1384,"date":"2024-12-20T16:31:37","date_gmt":"2024-12-20T15:31:37","guid":{"rendered":"https:\/\/elpresidente-tobacco.com\/patrimonio-e-identidad\/"},"modified":"2025-05-02T15:53:37","modified_gmt":"2025-05-02T13:53:37","slug":"patrimonio-e-identidad","status":"publish","type":"page","link":"https:\/\/elpresidente-tobacco.com\/es\/patrimonio-e-identidad\/","title":{"rendered":"Patrimonio e identidad"},"content":{"rendered":"\t\t<div data-elementor-type=\"wp-page\" data-elementor-id=\"1384\" class=\"elementor elementor-1384\" data-elementor-post-type=\"page\">\n\t\t\t\t<div class=\"elementor-element elementor-element-287314c elementor-hidden-mobile e-flex e-con-boxed e-con e-parent\" data-id=\"287314c\" data-element_type=\"container\" data-settings=\"{&quot;background_background&quot;:&quot;video&quot;,&quot;background_video_link&quot;:&quot;https:\\\/\\\/www.youtube.com\\\/watch?v=85kTHwJ1Ju8&quot;}\">\n\t\t\t\t\t<div class=\"e-con-inner\">\n\t\t<div class=\"elementor-background-video-container elementor-hidden-mobile\">\n\t\t\t\t\t\t\t<div class=\"elementor-background-video-embed\"><\/div>\n\t\t\t\t\t\t<\/div>\t\t<div class=\"elementor-element elementor-element-1ed74e9 elementor-widget elementor-widget-spacer\" data-id=\"1ed74e9\" data-element_type=\"widget\" data-widget_type=\"spacer.default\">\n\t\t\t\t<div class=\"elementor-widget-container\">\n\t\t\t\t\t\t\t<div class=\"elementor-spacer\">\n\t\t\t<div class=\"elementor-spacer-inner\"><\/div>\n\t\t<\/div>\n\t\t\t\t\t\t<\/div>\n\t\t\t\t<\/div>\n\t\t\t\t\t<\/div>\n\t\t\t\t<\/div>\n\t\t<div class=\"elementor-element elementor-element-cac3ec1 e-flex e-con-boxed e-con e-parent\" data-id=\"cac3ec1\" data-element_type=\"container\">\n\t\t\t\t\t<div class=\"e-con-inner\">\n\t\t\t\t<div class=\"elementor-element elementor-element-ac54969 elementor-widget elementor-widget-heading\" data-id=\"ac54969\" data-element_type=\"widget\" data-widget_type=\"heading.default\">\n\t\t\t\t<div class=\"elementor-widget-container\">\n\t\t\t\t\t<h2 class=\"elementor-heading-title elementor-size-default\">Nicaragua: donde la tradici\u00f3n se une a la innovaci\u00f3n\n<\/h2>\t\t\t\t<\/div>\n\t\t\t\t<\/div>\n\t\t\t\t<div class=\"elementor-element elementor-element-043e6b9 elementor-widget elementor-widget-text-editor\" data-id=\"043e6b9\" data-element_type=\"widget\" data-widget_type=\"text-editor.default\">\n\t\t\t\t<div class=\"elementor-widget-container\">\n\t\t\t\t\t\t\t\t\t<p class=\"p1\">En el coraz\u00f3n de Centroam\u00e9rica, Nicaragua tiene una larga tradici\u00f3n en la cultura y fabricaci\u00f3n de puros. Situada en el norte de Nicaragua, la regi\u00f3n de Estel\u00ed es famosa por sus suelos ricos en nutrientes y su clima ideal para el cultivo del tabaco. Esta regi\u00f3n alberga numerosas plantaciones de tabaco y renombradas f\u00e1bricas de puros. Desde la \u00e9poca precolombina, los ind\u00edgenas de la regi\u00f3n han cultivado tabaco durante siglos, utilizando t\u00e9cnicas ancestrales para producir puros robustos y fragantes.<\/p>\t\t\t\t\t\t\t\t<\/div>\n\t\t\t\t<\/div>\n\t\t\t\t\t<\/div>\n\t\t\t\t<\/div>\n\t\t<div class=\"elementor-element elementor-element-1f917a0 e-flex e-con-boxed e-con e-parent\" data-id=\"1f917a0\" data-element_type=\"container\" data-settings=\"{&quot;background_background&quot;:&quot;classic&quot;}\">\n\t\t\t\t\t<div class=\"e-con-inner\">\n\t\t<div class=\"elementor-element elementor-element-c90ad28 e-con-full e-flex e-con e-child\" data-id=\"c90ad28\" data-element_type=\"container\">\n\t\t\t\t<div class=\"elementor-element elementor-element-c8d6989 elementor-widget elementor-widget-text-editor\" data-id=\"c8d6989\" data-element_type=\"widget\" data-widget_type=\"text-editor.default\">\n\t\t\t\t<div class=\"elementor-widget-container\">\n\t\t\t\t\t\t\t\t\t<p class=\"p1\"><span style=\"color: var( --e-global-color-text ); font-family: var( --e-global-typography-text-font-family ), Sans-serif; font-weight: var( --e-global-typography-text-font-weight ); font-size: 1rem;\">Sin embargo, la industria tabaquera nicarag\u00fcense no experiment\u00f3 un crecimiento significativo hasta el siglo XX. Con la llegada de los inmigrantes cubanos, la artesan\u00eda y las t\u00e9cnicas de fabricaci\u00f3n cubanas se fusionaron con las tradiciones locales, creando una fusi\u00f3n \u00fanica de sabores y estilos.<\/span><\/p><p class=\"p1\">En las d\u00e9cadas de 1960 y 1970, Nicaragua se convirti\u00f3 r\u00e1pidamente en uno de los principales productores de puros de alta calidad de Am\u00e9rica Central, atrayendo la atenci\u00f3n de los aficionados a los puros de todo el mundo. Sin embargo, la guerra civil que estall\u00f3 en la d\u00e9cada de 1980 asest\u00f3 un duro golpe a la industria tabaquera nicarag\u00fcense, provocando el cierre de muchas f\u00e1bricas y la desaparici\u00f3n de muchas marcas emblem\u00e1ticas.<\/p><p class=\"p1\"> <\/p>\t\t\t\t\t\t\t\t<\/div>\n\t\t\t\t<\/div>\n\t\t\t\t<\/div>\n\t\t<div class=\"elementor-element elementor-element-0d49d5b e-con-full e-flex e-con e-child\" data-id=\"0d49d5b\" data-element_type=\"container\">\n\t\t\t\t<div class=\"elementor-element elementor-element-321a584 elementor-widget__width-initial elementor-widget elementor-widget-image\" data-id=\"321a584\" data-element_type=\"widget\" data-widget_type=\"image.default\">\n\t\t\t\t<div class=\"elementor-widget-container\">\n\t\t\t\t\t\t\t\t\t\t\t\t\t\t\t<img decoding=\"async\" src=\"https:\/\/elpresidente-tobacco.com\/wp-content\/uploads\/elementor\/thumbs\/IMG_1124-1-qyx99w0f2ho52iw93xhsk15t4iomxthoayse37556o.png\" title=\"Nicaraguan Land in Jalapa\" alt=\"Nicaraguan Land in Jalapa\" loading=\"lazy\" \/>\t\t\t\t\t\t\t\t\t\t\t\t\t\t\t<\/div>\n\t\t\t\t<\/div>\n\t\t\t\t<\/div>\n\t\t\t\t\t<\/div>\n\t\t\t\t<\/div>\n\t\t<div class=\"elementor-element elementor-element-cbb2e9f e-flex e-con-boxed e-con e-parent\" data-id=\"cbb2e9f\" data-element_type=\"container\">\n\t\t\t\t\t<div class=\"e-con-inner\">\n\t\t<div class=\"elementor-element elementor-element-c17b393 e-con-full e-flex e-con e-child\" data-id=\"c17b393\" data-element_type=\"container\">\n\t\t\t\t<div class=\"elementor-element elementor-element-8428b3e elementor-widget-tablet__width-initial elementor-widget elementor-widget-image\" data-id=\"8428b3e\" data-element_type=\"widget\" data-widget_type=\"image.default\">\n\t\t\t\t<div class=\"elementor-widget-container\">\n\t\t\t\t\t\t\t\t\t\t\t\t\t\t\t<img fetchpriority=\"high\" decoding=\"async\" width=\"800\" height=\"534\" src=\"https:\/\/elpresidente-tobacco.com\/wp-content\/uploads\/2024\/12\/tabacco_leaves-1024x683.jpg\" class=\"attachment-large size-large wp-image-1303\" alt=\"\" srcset=\"https:\/\/elpresidente-tobacco.com\/wp-content\/uploads\/2024\/12\/tabacco_leaves-1024x683.jpg 1024w, https:\/\/elpresidente-tobacco.com\/wp-content\/uploads\/2024\/12\/tabacco_leaves-300x200.jpg 300w, https:\/\/elpresidente-tobacco.com\/wp-content\/uploads\/2024\/12\/tabacco_leaves-768x512.jpg 768w, https:\/\/elpresidente-tobacco.com\/wp-content\/uploads\/2024\/12\/tabacco_leaves-1536x1024.jpg 1536w, https:\/\/elpresidente-tobacco.com\/wp-content\/uploads\/2024\/12\/tabacco_leaves-2048x1366.jpg 2048w\" sizes=\"(max-width: 800px) 100vw, 800px\" \/>\t\t\t\t\t\t\t\t\t\t\t\t\t\t\t<\/div>\n\t\t\t\t<\/div>\n\t\t\t\t<\/div>\n\t\t<div class=\"elementor-element elementor-element-4ef810b e-con-full e-flex e-con e-child\" data-id=\"4ef810b\" data-element_type=\"container\">\n\t\t\t\t<div class=\"elementor-element elementor-element-8d4b742 elementor-widget elementor-widget-text-editor\" data-id=\"8d4b742\" data-element_type=\"widget\" data-widget_type=\"text-editor.default\">\n\t\t\t\t<div class=\"elementor-widget-container\">\n\t\t\t\t\t\t\t\t\t<p class=\"p1\"><span style=\"color: var( --e-global-color-text ); font-family: var( --e-global-typography-text-font-family ), Sans-serif; font-size: 1rem; font-weight: var( --e-global-typography-text-font-weight );\">A pesar de estos retos, la industria tabaquera nicarag\u00fcense experiment\u00f3 un notable resurgimiento en las d\u00e9cadas de 1990 y 2000. Una vez restablecida la paz, surgieron nuevos productores, que utilizaron t\u00e9cnicas modernas de cultivo y fabricaci\u00f3n para producir puros de alta calidad que rivalizan con los mejores del mundo. Hoy en d\u00eda, Nicaragua es reconocida como una de las regiones l\u00edderes en la producci\u00f3n de puros de primera calidad, ofreciendo una amplia gama de sabores y perfiles arom\u00e1ticos que atraen a entusiastas de todo el mundo.<\/span><\/p><p class=\"p1\">La historia de los puros en Nicaragua es una historia de innovaci\u00f3n y pasi\u00f3n. Hoy es reconocida como una de las principales regiones productoras, que ofrece experiencias de degustaci\u00f3n \u00fanicas e inolvidables, una diversidad de sabores y aromas que cautiva a los aficionados de todo el mundo.<\/p>\t\t\t\t\t\t\t\t<\/div>\n\t\t\t\t<\/div>\n\t\t\t\t<\/div>\n\t\t\t\t\t<\/div>\n\t\t\t\t<\/div>\n\t\t<div class=\"elementor-element elementor-element-9c55994 e-flex e-con-boxed e-con e-parent\" data-id=\"9c55994\" data-element_type=\"container\">\n\t\t\t\t\t<div class=\"e-con-inner\">\n\t\t\t\t<div class=\"elementor-element elementor-element-2436744 elementor-align-center elementor-widget elementor-widget-global elementor-global-1047 elementor-widget-button\" data-id=\"2436744\" data-element_type=\"widget\" data-widget_type=\"button.default\">\n\t\t\t\t<div class=\"elementor-widget-container\">\n\t\t\t\t\t\t\t\t\t<div class=\"elementor-button-wrapper\">\n\t\t\t\t\t<a class=\"elementor-button elementor-button-link elementor-size-sm\" href=\"http:\/\/www.elpresidente-tobacco.com\/our-cigars\/\">\n\t\t\t\t\t\t<span class=\"elementor-button-content-wrapper\">\n\t\t\t\t\t\t<span class=\"elementor-button-icon\">\n\t\t\t\t<svg aria-hidden=\"true\" class=\"e-font-icon-svg e-fas-external-link-alt\" viewBox=\"0 0 512 512\" xmlns=\"http:\/\/www.w3.org\/2000\/svg\"><path d=\"M432,320H400a16,16,0,0,0-16,16V448H64V128H208a16,16,0,0,0,16-16V80a16,16,0,0,0-16-16H48A48,48,0,0,0,0,112V464a48,48,0,0,0,48,48H400a48,48,0,0,0,48-48V336A16,16,0,0,0,432,320ZM488,0h-128c-21.37,0-32.05,25.91-17,41l35.73,35.73L135,320.37a24,24,0,0,0,0,34L157.67,377a24,24,0,0,0,34,0L435.28,133.32,471,169c15,15,41,4.5,41-17V24A24,24,0,0,0,488,0Z\"><\/path><\/svg>\t\t\t<\/span>\n\t\t\t\t\t\t\t\t\t<span class=\"elementor-button-text\">Our Cigar Collection<\/span>\n\t\t\t\t\t<\/span>\n\t\t\t\t\t<\/a>\n\t\t\t\t<\/div>\n\t\t\t\t\t\t\t\t<\/div>\n\t\t\t\t<\/div>\n\t\t\t\t\t<\/div>\n\t\t\t\t<\/div>\n\t\t<div class=\"elementor-element elementor-element-5cbc699 e-flex e-con-boxed e-con e-parent\" data-id=\"5cbc699\" data-element_type=\"container\">\n\t\t\t\t\t<div class=\"e-con-inner\">\n\t\t\t\t<div class=\"elementor-element elementor-element-1047 elementor-align-center elementor-widget elementor-widget-global elementor-global-1047 elementor-widget-button\" data-id=\"1047\" data-element_type=\"widget\" data-widget_type=\"button.default\">\n\t\t\t\t<div class=\"elementor-widget-container\">\n\t\t\t\t\t\t\t\t\t<div class=\"elementor-button-wrapper\">\n\t\t\t\t\t<a class=\"elementor-button elementor-button-link elementor-size-sm\" href=\"http:\/\/www.elpresidente-tobacco.com\/our-cigars\/\">\n\t\t\t\t\t\t<span class=\"elementor-button-content-wrapper\">\n\t\t\t\t\t\t<span class=\"elementor-button-icon\">\n\t\t\t\t<svg aria-hidden=\"true\" class=\"e-font-icon-svg e-fas-external-link-alt\" viewBox=\"0 0 512 512\" xmlns=\"http:\/\/www.w3.org\/2000\/svg\"><path d=\"M432,320H400a16,16,0,0,0-16,16V448H64V128H208a16,16,0,0,0,16-16V80a16,16,0,0,0-16-16H48A48,48,0,0,0,0,112V464a48,48,0,0,0,48,48H400a48,48,0,0,0,48-48V336A16,16,0,0,0,432,320ZM488,0h-128c-21.37,0-32.05,25.91-17,41l35.73,35.73L135,320.37a24,24,0,0,0,0,34L157.67,377a24,24,0,0,0,34,0L435.28,133.32,471,169c15,15,41,4.5,41-17V24A24,24,0,0,0,488,0Z\"><\/path><\/svg>\t\t\t<\/span>\n\t\t\t\t\t\t\t\t\t<span class=\"elementor-button-text\">Our Cigar Collection<\/span>\n\t\t\t\t\t<\/span>\n\t\t\t\t\t<\/a>\n\t\t\t\t<\/div>\n\t\t\t\t\t\t\t\t<\/div>\n\t\t\t\t<\/div>\n\t\t\t\t\t<\/div>\n\t\t\t\t<\/div>\n\t\t\t\t<\/div>\n\t\t","protected":false},"excerpt":{"rendered":"<p>Nicaragua: donde la tradici\u00f3n se une a la innovaci\u00f3n En el coraz\u00f3n de Centroam\u00e9rica, Nicaragua tiene una larga tradici\u00f3n en la cultura y fabricaci\u00f3n de puros. Situada en el norte de Nicaragua, la regi\u00f3n de Estel\u00ed es famosa por sus suelos ricos en nutrientes y su clima ideal para el cultivo del tabaco. Esta regi\u00f3n [&hellip;]<\/p>\n","protected":false},"author":1,"featured_media":0,"parent":0,"menu_order":0,"comment_status":"closed","ping_status":"closed","template":"elementor_header_footer","meta":{"footnotes":""},"aioseo_notices":[],"_links":{"self":[{"href":"https:\/\/elpresidente-tobacco.com\/es\/wp-json\/wp\/v2\/pages\/1384"}],"collection":[{"href":"https:\/\/elpresidente-tobacco.com\/es\/wp-json\/wp\/v2\/pages"}],"about":[{"href":"https:\/\/elpresidente-tobacco.com\/es\/wp-json\/wp\/v2\/types\/page"}],"author":[{"embeddable":true,"href":"https:\/\/elpresidente-tobacco.com\/es\/wp-json\/wp\/v2\/users\/1"}],"replies":[{"embeddable":true,"href":"https:\/\/elpresidente-tobacco.com\/es\/wp-json\/wp\/v2\/comments?post=1384"}],"version-history":[{"count":3,"href":"https:\/\/elpresidente-tobacco.com\/es\/wp-json\/wp\/v2\/pages\/1384\/revisions"}],"predecessor-version":[{"id":1403,"href":"https:\/\/elpresidente-tobacco.com\/es\/wp-json\/wp\/v2\/pages\/1384\/revisions\/1403"}],"wp:attachment":[{"href":"https:\/\/elpresidente-tobacco.com\/es\/wp-json\/wp\/v2\/media?parent=1384"}],"curies":[{"name":"wp","href":"https:\/\/api.w.org\/{rel}","templated":true}]}}