{"id":1382,"date":"2024-04-26T12:04:18","date_gmt":"2024-04-26T10:04:18","guid":{"rendered":"https:\/\/elpresidente-tobacco.com\/nuestros-valores\/"},"modified":"2025-05-02T14:56:22","modified_gmt":"2025-05-02T12:56:22","slug":"nuestros-valores","status":"publish","type":"page","link":"https:\/\/elpresidente-tobacco.com\/es\/nuestros-valores\/","title":{"rendered":"Nuestros valores"},"content":{"rendered":"\t\t<div data-elementor-type=\"wp-page\" data-elementor-id=\"1382\" class=\"elementor elementor-1382 elementor-40\" data-elementor-post-type=\"page\">\n\t\t\t\t<div class=\"elementor-element elementor-element-9022415 e-flex e-con-boxed e-con e-parent\" data-id=\"9022415\" data-element_type=\"container\" data-settings=\"{&quot;background_background&quot;:&quot;classic&quot;}\">\n\t\t\t\t\t<div class=\"e-con-inner\">\n\t\t\t\t<div class=\"elementor-element elementor-element-4f05eb9f elementor-widget elementor-widget-heading\" data-id=\"4f05eb9f\" data-element_type=\"widget\" data-widget_type=\"heading.default\">\n\t\t\t\t<div class=\"elementor-widget-container\">\n\t\t\t\t\t<h2 class=\"elementor-heading-title elementor-size-default\">Nuestros valores  <\/h2>\t\t\t\t<\/div>\n\t\t\t\t<\/div>\n\t\t\t\t\t<\/div>\n\t\t\t\t<\/div>\n\t\t<div class=\"elementor-element elementor-element-3973fda e-flex e-con-boxed e-con e-parent\" data-id=\"3973fda\" data-element_type=\"container\">\n\t\t\t\t\t<div class=\"e-con-inner\">\n\t\t\t\t<div class=\"elementor-element elementor-element-9857eb0 elementor-widget elementor-widget-text-editor\" data-id=\"9857eb0\" data-element_type=\"widget\" data-widget_type=\"text-editor.default\">\n\t\t\t\t<div class=\"elementor-widget-container\">\n\t\t\t\t\t\t\t\t\tEn El Presidente, cada detalle importa. No somos s\u00f3lo fabricantes de puros; somos artesanos apasionados dedicados a superar los l\u00edmites de la excelencia.<br><\/br>Nuestro compromiso va m\u00e1s all\u00e1 del propio producto: es una b\u00fasqueda de autenticidad, tradici\u00f3n y artesan\u00eda. Cada paso de nuestro proceso refleja nuestra dedicaci\u00f3n a crear puros que cuenten una historia y ofrezcan una experiencia \u00fanica a quienes buscan la excelencia.\n\n<br><\/br>El Presidente no es s\u00f3lo una marca; es un compromiso con la calidad excepcional, construido sobre los cimientos de una rica herencia e impulsado por una visi\u00f3n de futuro.\t\t\t\t\t\t\t\t<\/div>\n\t\t\t\t<\/div>\n\t\t\t\t\t<\/div>\n\t\t\t\t<\/div>\n\t\t<div class=\"elementor-element elementor-element-be0f534 e-flex e-con-boxed e-con e-parent\" data-id=\"be0f534\" data-element_type=\"container\">\n\t\t\t\t\t<div class=\"e-con-inner\">\n\t\t\t\t<div class=\"elementor-element elementor-element-9e21b79 e-n-tabs-mobile elementor-widget elementor-widget-n-tabs\" data-id=\"9e21b79\" data-element_type=\"widget\" data-settings=\"{&quot;tabs_justify_horizontal&quot;:&quot;start&quot;,&quot;tabs_justify_horizontal_tablet&quot;:&quot;center&quot;,&quot;horizontal_scroll&quot;:&quot;disable&quot;}\" data-widget_type=\"nested-tabs.default\">\n\t\t\t\t<div class=\"elementor-widget-container\">\n\t\t\t\t\t\t\t<div class=\"e-n-tabs\" data-widget-number=\"165813113\" aria-label=\"Pesta\u00f1as. Abre elementos con Intro o Espacio, ci\u00e9rralos con Escape y navega con las fechas.\">\n\t\t\t<div class=\"e-n-tabs-heading\" role=\"tablist\">\n\t\t\t\t\t<button id=\"e-n-tab-title-1658131131\" class=\"e-n-tab-title\" aria-selected=\"true\" data-tab-index=\"1\" role=\"tab\" tabindex=\"0\" aria-controls=\"e-n-tab-content-1658131131\" style=\"--n-tabs-title-order: 1;\">\n\t\t\t\t\t\t<span class=\"e-n-tab-title-text\">\n\t\t\t\tAutenticidad\t\t\t<\/span>\n\t\t<\/button>\n\t\t\t\t<button id=\"e-n-tab-title-1658131132\" class=\"e-n-tab-title\" aria-selected=\"false\" data-tab-index=\"2\" role=\"tab\" tabindex=\"-1\" aria-controls=\"e-n-tab-content-1658131132\" style=\"--n-tabs-title-order: 2;\">\n\t\t\t\t\t\t<span class=\"e-n-tab-title-text\">\n\t\t\t\tSofisticaci\u00f3n\t\t\t<\/span>\n\t\t<\/button>\n\t\t\t\t<button id=\"e-n-tab-title-1658131133\" class=\"e-n-tab-title\" aria-selected=\"false\" data-tab-index=\"3\" role=\"tab\" tabindex=\"-1\" aria-controls=\"e-n-tab-content-1658131133\" style=\"--n-tabs-title-order: 3;\">\n\t\t\t\t\t\t<span class=\"e-n-tab-title-text\">\n\t\t\t\tDedicaci\u00f3n\t\t\t<\/span>\n\t\t<\/button>\n\t\t\t\t<button id=\"e-n-tab-title-1658131134\" class=\"e-n-tab-title\" aria-selected=\"false\" data-tab-index=\"4\" role=\"tab\" tabindex=\"-1\" aria-controls=\"e-n-tab-content-1658131134\" style=\"--n-tabs-title-order: 4;\">\n\t\t\t\t\t\t<span class=\"e-n-tab-title-text\">\n\t\t\t\tCompromiso\t\t\t<\/span>\n\t\t<\/button>\n\t\t\t\t\t<\/div>\n\t\t\t<div class=\"e-n-tabs-content\">\n\t\t\t\t<div id=\"e-n-tab-content-1658131131\" role=\"tabpanel\" aria-labelledby=\"e-n-tab-title-1658131131\" data-tab-index=\"1\" style=\"--n-tabs-title-order: 1;\" class=\"e-active elementor-element elementor-element-0a247b9 e-con-full e-flex e-con e-child\" data-id=\"0a247b9\" data-element_type=\"container\">\n\t\t\t\t<div class=\"elementor-element elementor-element-f82fcc9 elementor-widget elementor-widget-text-editor\" data-id=\"f82fcc9\" data-element_type=\"widget\" data-widget_type=\"text-editor.default\">\n\t\t\t\t<div class=\"elementor-widget-container\">\n\t\t\t\t\t\t\t\t\t<p>En El Presidente, anteponemos la autenticidad. Cada puro refleja nuestras tradiciones nicarag\u00fcenses, desde el cultivo del tabaco hasta el proceso de fabricaci\u00f3n, para una experiencia aut\u00e9ntica y \u00fanica.<\/p>\t\t\t\t\t\t\t\t<\/div>\n\t\t\t\t<\/div>\n\t\t\t\t<\/div>\n\t\t<div id=\"e-n-tab-content-1658131132\" role=\"tabpanel\" aria-labelledby=\"e-n-tab-title-1658131132\" data-tab-index=\"2\" style=\"--n-tabs-title-order: 2;\" class=\" elementor-element elementor-element-1c0f951 e-con-full e-flex e-con e-child\" data-id=\"1c0f951\" data-element_type=\"container\">\n\t\t\t\t<div class=\"elementor-element elementor-element-a0e9b6c elementor-widget elementor-widget-text-editor\" data-id=\"a0e9b6c\" data-element_type=\"widget\" data-widget_type=\"text-editor.default\">\n\t\t\t\t<div class=\"elementor-widget-container\">\n\t\t\t\t\t\t\t\t\t<p>Nuestros puros encarnan la sofisticaci\u00f3n. Cada calada ofrece una experiencia refinada y elegante, fruto de un proceso meticuloso y de un saber hacer incomparable.<\/p>\t\t\t\t\t\t\t\t<\/div>\n\t\t\t\t<\/div>\n\t\t\t\t<\/div>\n\t\t<div id=\"e-n-tab-content-1658131133\" role=\"tabpanel\" aria-labelledby=\"e-n-tab-title-1658131133\" data-tab-index=\"3\" style=\"--n-tabs-title-order: 3;\" class=\" elementor-element elementor-element-430d84a e-con-full e-flex e-con e-child\" data-id=\"430d84a\" data-element_type=\"container\">\n\t\t\t\t<div class=\"elementor-element elementor-element-5d49ec8 elementor-widget elementor-widget-text-editor\" data-id=\"5d49ec8\" data-element_type=\"widget\" data-widget_type=\"text-editor.default\">\n\t\t\t\t<div class=\"elementor-widget-container\">\n\t\t\t\t\t\t\t\t\t<p>Nuestro compromiso con la excelencia es total. Desde las manos expertas de nuestros artesanos hasta los clientes m\u00e1s exigentes, nos dedicamos a ofrecer puros de la m\u00e1xima calidad, sin concesiones.<\/p>\t\t\t\t\t\t\t\t<\/div>\n\t\t\t\t<\/div>\n\t\t\t\t<\/div>\n\t\t<div id=\"e-n-tab-content-1658131134\" role=\"tabpanel\" aria-labelledby=\"e-n-tab-title-1658131134\" data-tab-index=\"4\" style=\"--n-tabs-title-order: 4;\" class=\" elementor-element elementor-element-460e923 e-flex e-con-boxed e-con e-child\" data-id=\"460e923\" data-element_type=\"container\">\n\t\t\t\t\t<div class=\"e-con-inner\">\n\t\t\t\t<div class=\"elementor-element elementor-element-5220290 elementor-widget elementor-widget-text-editor\" data-id=\"5220290\" data-element_type=\"widget\" data-widget_type=\"text-editor.default\">\n\t\t\t\t<div class=\"elementor-widget-container\">\n\t\t\t\t\t\t\t\t\t<p>En El Presidente, nuestro compromiso es global. Estamos comprometidos con nuestros clientes, nuestros empleados y nuestro planeta, con unos puros excepcionales, responsables y sostenibles.<\/p>\t\t\t\t\t\t\t\t<\/div>\n\t\t\t\t<\/div>\n\t\t\t\t\t<\/div>\n\t\t\t\t<\/div>\n\t\t\t\t\t<\/div>\n\t\t<\/div>\n\t\t\t\t\t\t<\/div>\n\t\t\t\t<\/div>\n\t\t\t\t\t<\/div>\n\t\t\t\t<\/div>\n\t\t\t\t<\/div>\n\t\t","protected":false},"excerpt":{"rendered":"<p>Nuestros valores En El Presidente, cada detalle importa. No somos s\u00f3lo fabricantes de puros; somos artesanos apasionados dedicados a superar los l\u00edmites de la excelencia.Nuestro compromiso va m\u00e1s all\u00e1 del propio producto: es una b\u00fasqueda de autenticidad, tradici\u00f3n y artesan\u00eda. Cada paso de nuestro proceso refleja nuestra dedicaci\u00f3n a crear puros que cuenten una historia [&hellip;]<\/p>\n","protected":false},"author":1,"featured_media":0,"parent":0,"menu_order":0,"comment_status":"closed","ping_status":"closed","template":"","meta":{"footnotes":""},"aioseo_notices":[],"_links":{"self":[{"href":"https:\/\/elpresidente-tobacco.com\/es\/wp-json\/wp\/v2\/pages\/1382"}],"collection":[{"href":"https:\/\/elpresidente-tobacco.com\/es\/wp-json\/wp\/v2\/pages"}],"about":[{"href":"https:\/\/elpresidente-tobacco.com\/es\/wp-json\/wp\/v2\/types\/page"}],"author":[{"embeddable":true,"href":"https:\/\/elpresidente-tobacco.com\/es\/wp-json\/wp\/v2\/users\/1"}],"replies":[{"embeddable":true,"href":"https:\/\/elpresidente-tobacco.com\/es\/wp-json\/wp\/v2\/comments?post=1382"}],"version-history":[{"count":3,"href":"https:\/\/elpresidente-tobacco.com\/es\/wp-json\/wp\/v2\/pages\/1382\/revisions"}],"predecessor-version":[{"id":1389,"href":"https:\/\/elpresidente-tobacco.com\/es\/wp-json\/wp\/v2\/pages\/1382\/revisions\/1389"}],"wp:attachment":[{"href":"https:\/\/elpresidente-tobacco.com\/es\/wp-json\/wp\/v2\/media?parent=1382"}],"curies":[{"name":"wp","href":"https:\/\/api.w.org\/{rel}","templated":true}]}}